{"id":1135,"date":"2020-08-31T06:54:44","date_gmt":"2020-08-31T06:54:44","guid":{"rendered":"https:\/\/umaliru1543.com\/luxury-restaurant-2\/"},"modified":"2020-10-01T06:50:16","modified_gmt":"2020-10-01T06:50:16","slug":"luxury-restaurant-2","status":"publish","type":"page","link":"https:\/\/umaliru1543.com\/en\/","title":{"rendered":"Luxury restaurant"},"content":{"rendered":"<p>[et_pb_section fb_built=&#8221;1&#8243; fullwidth=&#8221;on&#8221; _builder_version=&#8221;4.5.1&#8243; _module_preset=&#8221;default&#8221;][et_pb_fullwidth_slider module_class=&#8221;main-slider&#8221; _builder_version=&#8221;4.6.0&#8243; _module_preset=&#8221;default&#8221; min_height=&#8221;70vh&#8221; animation_style=&#8221;flip&#8221; auto=&#8221;on&#8221;][et_pb_slide heading=&#8221;Quality, Style &amp; Elegance&#8221; _builder_version=&#8221;4.6.0&#8243; _module_preset=&#8221;default&#8221; header_font_size=&#8221;48px&#8221; use_background_color_gradient=&#8221;on&#8221; background_color_gradient_start=&#8221;rgba(0,0,0,0.3)&#8221; background_color_gradient_end=&#8221;rgba(0,0,0,0.5)&#8221; background_color_gradient_overlays_image=&#8221;on&#8221; background_image=&#8221;https:\/\/umaliru1543.com\/wp-content\/uploads\/2020\/07\/bannery_2019_3.jpg&#8221; background_enable_image=&#8221;on&#8221; header_font_size_tablet=&#8221;45px&#8221; header_font_size_phone=&#8221;39px&#8221; header_font_size_last_edited=&#8221;on|phone&#8221; sticky_transition=&#8221;on&#8221;][\/et_pb_slide][et_pb_slide _builder_version=&#8221;4.5.7&#8243; _module_preset=&#8221;default&#8221; header_font_size=&#8221;48px&#8221; use_background_color_gradient=&#8221;on&#8221; background_color_gradient_start=&#8221;rgba(0,0,0,0.3)&#8221; background_color_gradient_end=&#8221;rgba(0,0,0,0.5)&#8221; background_color_gradient_overlays_image=&#8221;on&#8221; background_image=&#8221;https:\/\/umaliru1543.com\/wp-content\/uploads\/2020\/07\/jidla-U-Maliru-1543-letni-menu19-7-mensi.jpg&#8221; background_enable_image=&#8221;on&#8221; header_font_size_tablet=&#8221;45px&#8221; header_font_size_phone=&#8221;39px&#8221; header_font_size_last_edited=&#8221;on|phone&#8221; sticky_transition=&#8221;on&#8221;][\/et_pb_slide][et_pb_slide _builder_version=&#8221;4.5.7&#8243; _module_preset=&#8221;default&#8221; header_font_size=&#8221;48px&#8221; use_background_color_gradient=&#8221;on&#8221; background_color_gradient_start=&#8221;rgba(0,0,0,0.3)&#8221; background_color_gradient_end=&#8221;rgba(0,0,0,0.5)&#8221; background_color_gradient_overlays_image=&#8221;on&#8221; background_image=&#8221;https:\/\/umaliru1543.com\/wp-content\/uploads\/2020\/07\/bannery_2019_9.jpg&#8221; background_enable_image=&#8221;on&#8221; header_font_size_tablet=&#8221;45px&#8221; header_font_size_phone=&#8221;39px&#8221; header_font_size_last_edited=&#8221;on|phone&#8221; sticky_transition=&#8221;on&#8221;][\/et_pb_slide][et_pb_slide _builder_version=&#8221;4.5.7&#8243; _module_preset=&#8221;default&#8221; header_font_size=&#8221;48px&#8221; use_background_color_gradient=&#8221;on&#8221; background_color_gradient_start=&#8221;rgba(0,0,0,0.3)&#8221; background_color_gradient_end=&#8221;rgba(0,0,0,0.5)&#8221; background_color_gradient_overlays_image=&#8221;on&#8221; background_image=&#8221;https:\/\/umaliru1543.com\/wp-content\/uploads\/2020\/07\/jidla-U-Maliru-1543-letni-menu-19.jpg&#8221; background_enable_image=&#8221;on&#8221; header_font_size_tablet=&#8221;45px&#8221; header_font_size_phone=&#8221;39px&#8221; header_font_size_last_edited=&#8221;on|phone&#8221; sticky_transition=&#8221;on&#8221;][\/et_pb_slide][\/et_pb_fullwidth_slider][\/et_pb_section][et_pb_section fb_built=&#8221;1&#8243; module_class=&#8221;background90&#8243; _builder_version=&#8221;4.5.1&#8243; _module_preset=&#8221;default&#8221; custom_padding=&#8221;0px|||||&#8221;][et_pb_row column_structure=&#8221;1_4,1_4,1_4,1_4&#8243; _builder_version=&#8221;4.5.1&#8243; _module_preset=&#8221;default&#8221;][et_pb_column type=&#8221;1_4&#8243; _builder_version=&#8221;4.5.1&#8243; _module_preset=&#8221;default&#8221;][et_pb_blurb title=&#8221;MENU&#8221; url=&#8221;@ET-DC@eyJkeW5hbWljIjp0cnVlLCJjb250ZW50IjoicG9zdF9saW5rX3VybF9wYWdlIiwic2V0dGluZ3MiOnsicG9zdF9pZCI6IjE5MyJ9fQ==@&#8221; _builder_version=&#8221;4.5.7&#8243; _dynamic_attributes=&#8221;url,link_option_url&#8221; _module_preset=&#8221;efc7707d-9753-42d7-880d-301e0a270f98&#8243; background_image=&#8221;https:\/\/umaliru1543.com\/wp-content\/uploads\/2020\/07\/jidla-Menu-puvodni-15.jpg&#8221; link_option_url=&#8221;@ET-DC@eyJkeW5hbWljIjp0cnVlLCJjb250ZW50IjoicG9zdF9saW5rX3VybF9wYWdlIiwic2V0dGluZ3MiOnsicG9zdF9pZCI6IjE5MyJ9fQ==@&#8221; custom_css_main_element=&#8221;padding-top:50px;||padding-bottom:50px;&#8221; custom_css_blurb_title=&#8221;padding:20px;||background: rgba(0,0,0,0.5);||display: inline-block;||color:#fff;&#8221; border_color_top=&#8221;rgba(119,0,0,0.7)&#8221; custom_css_blurb_title__hover=&#8221;padding:40px;||background: rgba(0,0,0,0.7);||color:#fff;&#8221; custom_css_blurb_title__hover_enabled=&#8221;on|hover&#8221;][\/et_pb_blurb][\/et_pb_column][et_pb_column type=&#8221;1_4&#8243; _builder_version=&#8221;4.5.1&#8243; _module_preset=&#8221;default&#8221;][et_pb_blurb title=&#8221;DAILY MENU&#8221; url=&#8221;@ET-DC@eyJkeW5hbWljIjp0cnVlLCJjb250ZW50IjoicG9zdF9saW5rX3VybF9wYWdlIiwic2V0dGluZ3MiOnsicG9zdF9pZCI6IjI0OSJ9fQ==@&#8221; _builder_version=&#8221;4.6.3&#8243; _dynamic_attributes=&#8221;url,link_option_url&#8221; _module_preset=&#8221;efc7707d-9753-42d7-880d-301e0a270f98&#8243; header_letter_spacing=&#8221;1px&#8221; background_image=&#8221;https:\/\/umaliru1543.com\/wp-content\/uploads\/2020\/07\/Restaurace-u-maliru-menu-7.jpg&#8221; link_option_url=&#8221;@ET-DC@eyJkeW5hbWljIjp0cnVlLCJjb250ZW50IjoicG9zdF9saW5rX3VybF9wYWdlIiwic2V0dGluZ3MiOnsicG9zdF9pZCI6IjI0OSJ9fQ==@&#8221; hover_enabled=&#8221;0&#8243; custom_css_main_element=&#8221;padding-top:50px;||padding-bottom:50px;&#8221; custom_css_blurb_title=&#8221;padding:20px;||background: rgba(0,0,0,0.5);||display: inline-block;||color:#fff;&#8221; border_color_all=&#8221;rgba(0,0,0,0.3)&#8221; custom_css_blurb_title__hover=&#8221;padding:40px;||background: rgba(0,0,0,0.7);||color:#fff;&#8221; custom_css_blurb_title__hover_enabled=&#8221;on|hover&#8221; sticky_enabled=&#8221;0&#8243;][\/et_pb_blurb][\/et_pb_column][et_pb_column type=&#8221;1_4&#8243; _builder_version=&#8221;4.5.1&#8243; _module_preset=&#8221;default&#8221;][et_pb_blurb title=&#8221;WINE LIST&#8221; url=&#8221;@ET-DC@eyJkeW5hbWljIjp0cnVlLCJjb250ZW50IjoicG9zdF9saW5rX3VybF9wYWdlIiwic2V0dGluZ3MiOnsicG9zdF9pZCI6IjIyNSJ9fQ==@&#8221; _builder_version=&#8221;4.5.7&#8243; _dynamic_attributes=&#8221;url,link_option_url&#8221; _module_preset=&#8221;efc7707d-9753-42d7-880d-301e0a270f98&#8243; background_image=&#8221;https:\/\/umaliru1543.com\/wp-content\/uploads\/2020\/08\/bannery_2019_12-1024&#215;483-1.jpg&#8221; link_option_url=&#8221;@ET-DC@eyJkeW5hbWljIjp0cnVlLCJjb250ZW50IjoicG9zdF9saW5rX3VybF9wYWdlIiwic2V0dGluZ3MiOnsicG9zdF9pZCI6IjIyNSJ9fQ==@&#8221; custom_css_main_element=&#8221;padding-top:50px;||padding-bottom:50px;&#8221; custom_css_blurb_title=&#8221;padding:20px;||background: rgba(0,0,0,0.5);||display: inline-block;||color:#fff;&#8221; border_color_top=&#8221;rgba(152,120,39,0.7)&#8221; custom_css_blurb_title__hover=&#8221;padding:40px;||background: rgba(0,0,0,0.7);||color:#fff;&#8221; custom_css_blurb_title__hover_enabled=&#8221;on|hover&#8221;][\/et_pb_blurb][\/et_pb_column][et_pb_column type=&#8221;1_4&#8243; _builder_version=&#8221;4.5.1&#8243; _module_preset=&#8221;default&#8221;][et_pb_blurb title=&#8221;NEWS&#8221; url=&#8221;@ET-DC@eyJkeW5hbWljIjp0cnVlLCJjb250ZW50IjoicG9zdF9saW5rX3VybF9wYWdlIiwic2V0dGluZ3MiOnsicG9zdF9pZCI6IjYwMCJ9fQ==@&#8221; _builder_version=&#8221;4.5.7&#8243; _dynamic_attributes=&#8221;url,link_option_url&#8221; _module_preset=&#8221;efc7707d-9753-42d7-880d-301e0a270f98&#8243; background_image=&#8221;https:\/\/umaliru1543.com\/wp-content\/uploads\/2020\/08\/54089-300&#215;200-1.jpg&#8221; link_option_url=&#8221;@ET-DC@eyJkeW5hbWljIjp0cnVlLCJjb250ZW50IjoicG9zdF9saW5rX3VybF9wYWdlIiwic2V0dGluZ3MiOnsicG9zdF9pZCI6IjYwMCJ9fQ==@&#8221; custom_css_main_element=&#8221;padding-top:50px;||padding-bottom:50px;&#8221; custom_css_blurb_title=&#8221;padding:20px;||background: rgba(0,0,0,0.5);||display: inline-block;||color:#fff;&#8221; border_color_top=&#8221;rgba(119,0,0,0.7)&#8221; custom_css_blurb_title__hover=&#8221;padding:40px;||background: rgba(0,0,0,0.7);||color:#fff;&#8221; custom_css_blurb_title__hover_enabled=&#8221;on|hover&#8221;][\/et_pb_blurb][\/et_pb_column][\/et_pb_row][et_pb_row column_structure=&#8221;1_2,1_2&#8243; _builder_version=&#8221;4.5.1&#8243; _module_preset=&#8221;5b80f8ab-fbe4-4c62-a7bf-1c3f56555050&#8243;][et_pb_column type=&#8221;1_2&#8243; _builder_version=&#8221;4.5.1&#8243; _module_preset=&#8221;default&#8221;][et_pb_image src=&#8221;https:\/\/umaliru1543.com\/wp-content\/uploads\/2020\/08\/0a8a2230_0-1024&#215;682-1.jpg&#8221; title_text=&#8221;0a8a2230_0&#8243; _builder_version=&#8221;4.5.1&#8243; _module_preset=&#8221;default&#8221; animation_style=&#8221;slide&#8221;][\/et_pb_image][\/et_pb_column][et_pb_column type=&#8221;1_2&#8243; _builder_version=&#8221;4.5.1&#8243; _module_preset=&#8221;default&#8221; transform_scale_tablet=&#8221;&#8221; transform_scale_phone=&#8221;&#8221; transform_scale_last_edited=&#8221;on|desktop&#8221; transform_translate=&#8221;-10%|0px&#8221; transform_translate_tablet=&#8221;0%|0px&#8221; transform_translate_phone=&#8221;&#8221; transform_translate_last_edited=&#8221;on|desktop&#8221; transform_translate_linked=&#8221;off&#8221; transform_rotate_tablet=&#8221;&#8221; transform_rotate_phone=&#8221;&#8221; transform_rotate_last_edited=&#8221;on|desktop&#8221; transform_skew_tablet=&#8221;&#8221; transform_skew_phone=&#8221;&#8221; transform_skew_last_edited=&#8221;on|desktop&#8221; transform_origin_tablet=&#8221;&#8221; transform_origin_phone=&#8221;&#8221; transform_origin_last_edited=&#8221;on|desktop&#8221; transform_styles_last_edited=&#8221;on|desktop&#8221; transform_styles_tablet=&#8221;&#8221; transform_styles_phone=&#8221;&#8221;][et_pb_text _builder_version=&#8221;4.6.0&#8243; _module_preset=&#8221;2190abeb-98bc-440c-af43-73532a2acb15&#8243;]<\/p>\n<h1 class=\"text-title\">Restaurant U Mal\u00ed\u0159\u016f 1543<\/h1>\n<p>The U Mal\u00ed\u0159\u016f Restaurant can be found in Malt\u00e9zsk\u00e9 n\u00e1m\u011bst\u00ed Square, in Prague`s Lesser Town. It is one of the oldest restaurants in Prague. Preserved records of the oldest restaurants in Prague mention the year 1543 and Emperor Rudolph II. is said to have been among its guests. The current interior dates back to 1936-1937, when the original wall frescos were painted. The restaurant provides a stylish and cozy atmosphere with great emphasis placed on detail and luxury. Vaulted ceilings, restored frescos, period furniture and the natural division of the restaurant into two separate parts, a lounge and a bar area, invite you in for a pleasant experience. Guest can also use a club with a piano in which private events can be held.[\/et_pb_text][et_pb_button button_url=&#8221;@ET-DC@eyJkeW5hbWljIjp0cnVlLCJjb250ZW50IjoicG9zdF9saW5rX3VybF9wYWdlIiwic2V0dGluZ3MiOnsicG9zdF9pZCI6IjYyNiJ9fQ==@&#8221; button_text=&#8221;History&#8221; _builder_version=&#8221;4.5.7&#8243; _dynamic_attributes=&#8221;button_url&#8221; _module_preset=&#8221;4aacfca5-e060-48a2-8bdc-9c5bf15baaaa&#8221; custom_margin=&#8221;-10px||||false|false&#8221; custom_margin_tablet=&#8221;15px||15px||false|false&#8221; custom_margin_phone=&#8221;&#8221; custom_margin_last_edited=&#8221;on|tablet&#8221; animation_style=&#8221;zoom&#8221; animation_duration=&#8221;500ms&#8221; animation_delay=&#8221;700ms&#8221; button_bg_color__hover=&#8221;#000000&#8243; button_bg_color__hover_enabled=&#8221;on|hover&#8221;][\/et_pb_button][\/et_pb_column][\/et_pb_row][et_pb_row column_structure=&#8221;1_2,1_2&#8243; _builder_version=&#8221;4.5.1&#8243; _module_preset=&#8221;5b80f8ab-fbe4-4c62-a7bf-1c3f56555050&#8243;][et_pb_column type=&#8221;1_2&#8243; _builder_version=&#8221;4.5.1&#8243; _module_preset=&#8221;default&#8221; z_index=&#8221;11&#8243;][et_pb_text _builder_version=&#8221;4.5.1&#8243; _module_preset=&#8221;2190abeb-98bc-440c-af43-73532a2acb15&#8243; background_color=&#8221;rgba(119,0,0,0.7)&#8221; z_index=&#8221;10&#8243; background_layout=&#8221;dark&#8221;]<\/p>\n<h1 class=\"text-title\">Excellent food<\/h1>\n<p>Chef Miroslav Dole\u017eal and his team prepare selected delicacies of Czech and international cuisines. In addition to the regular menu, the restaurant also offers a seasonal selection. You can try the carefully prepared chef`s sampling menu and complete it with wine pairing.[\/et_pb_text][et_pb_button button_url=&#8221;@ET-DC@eyJkeW5hbWljIjp0cnVlLCJjb250ZW50IjoicG9zdF9saW5rX3VybF9wYWdlIiwic2V0dGluZ3MiOnsicG9zdF9pZCI6IjE5MyJ9fQ==@&#8221; button_text=&#8221;MENU&#8221; _builder_version=&#8221;4.5.7&#8243; _dynamic_attributes=&#8221;button_url&#8221; _module_preset=&#8221;34094af0-8551-4150-a063-61474ae99023&#8243; custom_margin=&#8221;-10px||||false|false&#8221; custom_margin_tablet=&#8221;10px||10px||false|false&#8221; custom_margin_phone=&#8221;&#8221; custom_margin_last_edited=&#8221;on|phone&#8221; button_bg_color__hover=&#8221;#000000&#8243; button_bg_color__hover_enabled=&#8221;on|hover&#8221;][\/et_pb_button][\/et_pb_column][et_pb_column type=&#8221;1_2&#8243; _builder_version=&#8221;4.5.1&#8243; _module_preset=&#8221;default&#8221; transform_scale_tablet=&#8221;&#8221; transform_scale_phone=&#8221;&#8221; transform_scale_last_edited=&#8221;on|desktop&#8221; transform_translate=&#8221;-10%|0px&#8221; transform_translate_tablet=&#8221;0%|0px&#8221; transform_translate_phone=&#8221;&#8221; transform_translate_last_edited=&#8221;on|desktop&#8221; transform_translate_linked=&#8221;off&#8221; transform_rotate_tablet=&#8221;&#8221; transform_rotate_phone=&#8221;&#8221; transform_rotate_last_edited=&#8221;on|desktop&#8221; transform_skew_tablet=&#8221;&#8221; transform_skew_phone=&#8221;&#8221; transform_skew_last_edited=&#8221;on|desktop&#8221; transform_origin_tablet=&#8221;&#8221; transform_origin_phone=&#8221;&#8221; transform_origin_last_edited=&#8221;on|desktop&#8221; transform_styles_last_edited=&#8221;on|desktop&#8221; transform_styles_tablet=&#8221;&#8221; transform_styles_phone=&#8221;&#8221;][et_pb_image src=&#8221;https:\/\/umaliru1543.com\/wp-content\/uploads\/2020\/08\/jidla-U-Maliru-1543-letni-menu10-5-mensi-1024&#215;683-1.jpg&#8221; title_text=&#8221;jidla-U-Maliru-1543-letni-menu10-5-mensi&#8221; _builder_version=&#8221;4.5.1&#8243; _module_preset=&#8221;default&#8221; z_index=&#8221;-1&#8243; animation_style=&#8221;slide&#8221;][\/et_pb_image][\/et_pb_column][\/et_pb_row][et_pb_row column_structure=&#8221;1_2,1_2&#8243; _builder_version=&#8221;4.5.1&#8243; _module_preset=&#8221;5b80f8ab-fbe4-4c62-a7bf-1c3f56555050&#8243;][et_pb_column type=&#8221;1_2&#8243; _builder_version=&#8221;4.5.1&#8243; _module_preset=&#8221;default&#8221;][et_pb_image src=&#8221;https:\/\/umaliru1543.com\/wp-content\/uploads\/2020\/07\/b0a7367_0.jpg&#8221; title_text=&#8221;_b0a7367_0&#8243; _builder_version=&#8221;4.5.1&#8243; _module_preset=&#8221;default&#8221; animation_style=&#8221;slide&#8221;][\/et_pb_image][\/et_pb_column][et_pb_column type=&#8221;1_2&#8243; _builder_version=&#8221;4.5.1&#8243; _module_preset=&#8221;default&#8221; transform_scale_tablet=&#8221;&#8221; transform_scale_phone=&#8221;&#8221; transform_scale_last_edited=&#8221;on|desktop&#8221; transform_translate=&#8221;-10%|0px&#8221; transform_translate_tablet=&#8221;0%|0px&#8221; transform_translate_phone=&#8221;&#8221; transform_translate_last_edited=&#8221;on|desktop&#8221; transform_translate_linked=&#8221;off&#8221; transform_rotate_tablet=&#8221;&#8221; transform_rotate_phone=&#8221;&#8221; transform_rotate_last_edited=&#8221;on|desktop&#8221; transform_skew_tablet=&#8221;&#8221; transform_skew_phone=&#8221;&#8221; transform_skew_last_edited=&#8221;on|desktop&#8221; transform_origin_tablet=&#8221;&#8221; transform_origin_phone=&#8221;&#8221; transform_origin_last_edited=&#8221;on|desktop&#8221; transform_styles_last_edited=&#8221;on|desktop&#8221; transform_styles_tablet=&#8221;&#8221; transform_styles_phone=&#8221;&#8221;][et_pb_text _builder_version=&#8221;4.6.0&#8243; _module_preset=&#8221;2190abeb-98bc-440c-af43-73532a2acb15&#8243; background_color=&#8221;rgba(152,120,39,0.9)&#8221; background_layout=&#8221;dark&#8221;]<\/p>\n<h1 class=\"text-title\">Beverages and wine list<\/h1>\n<p>The selection of wines and spirits is really wide and the prices will pleasantly surprise you. The wine list and work with wines is appreciated by the Association of Sommeliers of the Czech Republic.[\/et_pb_text][et_pb_button button_url=&#8221;@ET-DC@eyJkeW5hbWljIjp0cnVlLCJjb250ZW50IjoicG9zdF9saW5rX3VybF9wYWdlIiwic2V0dGluZ3MiOnsicG9zdF9pZCI6IjIyNSJ9fQ==@&#8221; button_text=&#8221;Wine list&#8221; _builder_version=&#8221;4.5.7&#8243; _dynamic_attributes=&#8221;button_url&#8221; _module_preset=&#8221;4aacfca5-e060-48a2-8bdc-9c5bf15baaaa&#8221; custom_margin=&#8221;-10px||||false|false&#8221; custom_margin_tablet=&#8221;15px||15px||false|false&#8221; custom_margin_phone=&#8221;&#8221; custom_margin_last_edited=&#8221;on|tablet&#8221; animation_style=&#8221;zoom&#8221; animation_duration=&#8221;500ms&#8221; animation_delay=&#8221;700ms&#8221; button_bg_color__hover=&#8221;#000000&#8243; button_bg_color__hover_enabled=&#8221;on|hover&#8221;][\/et_pb_button][\/et_pb_column][\/et_pb_row][\/et_pb_section][et_pb_section fb_built=&#8221;1&#8243; module_class=&#8221;backgroundred&#8221; _builder_version=&#8221;4.5.7&#8243; _module_preset=&#8221;default&#8221; custom_margin=&#8221;||0px||false|false&#8221; custom_padding=&#8221;0px||0px|||&#8221;][et_pb_row use_custom_gutter=&#8221;on&#8221; gutter_width=&#8221;1&#8243; _builder_version=&#8221;4.5.7&#8243; _module_preset=&#8221;default&#8221; width=&#8221;100%&#8221; max_width=&#8221;2560px&#8221; custom_margin=&#8221;||0px||false|false&#8221; custom_padding=&#8221;||0px|||&#8221;][et_pb_column type=&#8221;4_4&#8243; _builder_version=&#8221;4.5.1&#8243; _module_preset=&#8221;default&#8221;][et_pb_text _builder_version=&#8221;4.5.1&#8243; _module_preset=&#8221;2190abeb-98bc-440c-af43-73532a2acb15&#8243; background_enable_color=&#8221;off&#8221; background_layout=&#8221;dark&#8221;]<\/p>\n<h1 class=\"text-title big\">Gallery<\/h1>\n<p>[\/et_pb_text][et_pb_gallery gallery_ids=&#8221;59,58,57,56,55,54,53,52,51,50,49,48,47,46,45,44,43,42,41,40,39,38,37,36,35,34,33,32,31,30,29,28,27,26&#8243; posts_number=&#8221;8&#8243; show_title_and_caption=&#8221;off&#8221; _builder_version=&#8221;4.5.7&#8243; _module_preset=&#8221;default&#8221; custom_padding=&#8221;||0px|||&#8221; animation_style=&#8221;fade&#8221;][\/et_pb_gallery][\/et_pb_column][\/et_pb_row][\/et_pb_section]<\/p>\n","protected":false},"excerpt":{"rendered":"<p>Restaurant U Mal\u00ed\u0159\u016f 1543 The U Mal\u00ed\u0159\u016f Restaurant can be found in Malt\u00e9zsk\u00e9 n\u00e1m\u011bst\u00ed Square, in Prague`s Lesser Town. It is one of the oldest restaurants in Prague. Preserved records of the oldest restaurants in Prague mention the year 1543 and Emperor Rudolph II. is said to have been among its guests. The current interior [&hellip;]<\/p>\n","protected":false},"author":1,"featured_media":0,"parent":0,"menu_order":0,"comment_status":"closed","ping_status":"closed","template":"","meta":{"_et_pb_use_builder":"on","_et_pb_old_content":"","_et_gb_content_width":"","footnotes":""},"class_list":["post-1135","page","type-page","status-publish","hentry"],"_links":{"self":[{"href":"https:\/\/umaliru1543.com\/en\/wp-json\/wp\/v2\/pages\/1135","targetHints":{"allow":["GET"]}}],"collection":[{"href":"https:\/\/umaliru1543.com\/en\/wp-json\/wp\/v2\/pages"}],"about":[{"href":"https:\/\/umaliru1543.com\/en\/wp-json\/wp\/v2\/types\/page"}],"author":[{"embeddable":true,"href":"https:\/\/umaliru1543.com\/en\/wp-json\/wp\/v2\/users\/1"}],"replies":[{"embeddable":true,"href":"https:\/\/umaliru1543.com\/en\/wp-json\/wp\/v2\/comments?post=1135"}],"version-history":[{"count":7,"href":"https:\/\/umaliru1543.com\/en\/wp-json\/wp\/v2\/pages\/1135\/revisions"}],"predecessor-version":[{"id":1258,"href":"https:\/\/umaliru1543.com\/en\/wp-json\/wp\/v2\/pages\/1135\/revisions\/1258"}],"wp:attachment":[{"href":"https:\/\/umaliru1543.com\/en\/wp-json\/wp\/v2\/media?parent=1135"}],"curies":[{"name":"wp","href":"https:\/\/api.w.org\/{rel}","templated":true}]}}