{"id":1195,"date":"2020-09-15T12:35:40","date_gmt":"2020-09-15T12:35:40","guid":{"rendered":"https:\/\/umaliru1543.com\/tasting-menu\/"},"modified":"2025-11-13T06:52:34","modified_gmt":"2025-11-13T06:52:34","slug":"tasting-menu","status":"publish","type":"page","link":"https:\/\/umaliru1543.com\/en\/tasting-menu\/","title":{"rendered":"Tasting menu"},"content":{"rendered":"<p>[et_pb_section fb_built=&#8221;1&#8243; fullwidth=&#8221;on&#8221; _builder_version=&#8221;4.16&#8243; _module_preset=&#8221;default&#8221; global_colors_info=&#8221;{}&#8221;][et_pb_fullwidth_header title=&#8221;@ET-DC@eyJkeW5hbWljIjp0cnVlLCJjb250ZW50IjoicG9zdF90aXRsZSIsInNldHRpbmdzIjp7ImJlZm9yZSI6IiIsImFmdGVyIjoiIn19@&#8221; module_class=&#8221;text-title full-header&#8221; _builder_version=&#8221;4.16&#8243; _dynamic_attributes=&#8221;background_image,title&#8221; _module_preset=&#8221;default&#8221; title_text_align=&#8221;center&#8221; background_enable_color=&#8221;off&#8221; background_image=&#8221;@ET-DC@eyJkeW5hbWljIjp0cnVlLCJjb250ZW50IjoicG9zdF9mZWF0dXJlZF9pbWFnZSIsInNldHRpbmdzIjp7fX0=@&#8221; global_colors_info=&#8221;{}&#8221;][\/et_pb_fullwidth_header][\/et_pb_section][et_pb_section fb_built=&#8221;1&#8243; module_class=&#8221;backgroundred&#8221; _builder_version=&#8221;4.16&#8243; _module_preset=&#8221;default&#8221; custom_padding=&#8221;0px|||||&#8221; global_colors_info=&#8221;{}&#8221;][et_pb_row _builder_version=&#8221;4.16&#8243; _module_preset=&#8221;5b80f8ab-fbe4-4c62-a7bf-1c3f56555050&#8243; global_colors_info=&#8221;{}&#8221;][et_pb_column type=&#8221;4_4&#8243; _builder_version=&#8221;4.16&#8243; _module_preset=&#8221;default&#8221; global_colors_info=&#8221;{}&#8221;][et_pb_text _builder_version=&#8221;4.27.4&#8243; _module_preset=&#8221;default&#8221; background_color=&#8221;#FFFFFF&#8221; text_orientation=&#8221;center&#8221; custom_margin=&#8221;||||false|false&#8221; custom_padding=&#8221;30px||30px||false|false&#8221; global_colors_info=&#8221;{}&#8221;]<\/p>\n<h2><strong>MENU BOHEMIA<\/strong><\/h2>\n<p><\/p>\n<p><em>1650 K\u010c<\/em><\/p>\n<p><\/p>\n<p>BEETROOT CARPACCIO, <br \/>FRESH FIGS, GOAT CHEESE, MACADAMIA NUTS<br \/>*<br \/>POTATO SOUP, <br \/>CREAMY POTATO VELOUT\u00c9, SAUT\u00c9ED ROOT VEGETABLES, MORELS<br \/>*<br \/>SLOW-ROASTED PORK, <br \/>\u201eP\u0158E\u0160TICE\u201c BLACK-PIED PIG, POTATO R\u00d6STI, SMOKED CARROT<br \/>*<br \/>CHOCOLATE MILLE-FEUILLE<br \/>CANDIED CHERRIES, YOGURT ICE CREAM<\/p>\n<p><\/p>\n<p>&nbsp;<\/p>\n<p><\/p>\n<h2><strong>MENU EXCLUSIVE<\/strong><\/h2>\n<p><\/p>\n<p><em><strong>2990 K\u010c<\/strong><\/em><\/p>\n<p><\/p>\n<p><strong>\u00a0<\/strong><\/p>\n<p><\/p>\n<p>FOIE GRAS TERRINE, <br \/>SMOKED DUCK BREAST, GINGERBREAD, ORANGE CONFIT<br \/>*<br \/>TUNA TATAKI, <br \/>SHRIMP, AVOCADO, MANGO SALAD, STURIA CAVIAR<br \/>*<br \/>LOBSTER BISQUE, <br \/>BLUE CRAB, FENNEL SALAD, VEGETABLE PUR\u00c9E<br \/>*<br \/>QUAIL GALANTINE, <br \/>PISTACHIO STUFFING, GRILLED FOIE GRAS, GINGERBREAD DUMPLINGS, RED CABBAGE<br \/>*<br \/>SELECTION OF EUROPEAN CHEESE, <br \/>HOMEMADE MARMALADE, FRUIT BRIOCHE<br \/>*<br \/>CR\u00caPES SUZETTE<br \/>PANCAKES FLAMBE WITH GRAND MARNIER<\/p>\n<p>[\/et_pb_text][\/et_pb_column][\/et_pb_row][\/et_pb_section]<\/p>\n","protected":false},"excerpt":{"rendered":"<p>MENU BOHEMIA1650 K\u010cBEETROOT CARPACCIO, FRESH FIGS, GOAT CHEESE, MACADAMIA NUTS*POTATO SOUP, CREAMY POTATO VELOUT\u00c9, SAUT\u00c9ED ROOT VEGETABLES, MORELS*SLOW-ROASTED PORK, \u201eP\u0158E\u0160TICE\u201c BLACK-PIED PIG, POTATO R\u00d6STI, SMOKED CARROT*CHOCOLATE MILLE-FEUILLECANDIED CHERRIES, YOGURT ICE CREAM&nbsp;MENU EXCLUSIVE2990 K\u010c\u00a0FOIE GRAS TERRINE, SMOKED DUCK BREAST, GINGERBREAD, ORANGE CONFIT*TUNA TATAKI, SHRIMP, AVOCADO, MANGO SALAD, STURIA CAVIAR*LOBSTER BISQUE, BLUE CRAB, FENNEL SALAD, VEGETABLE PUR\u00c9E*QUAIL [&hellip;]<\/p>\n","protected":false},"author":1,"featured_media":775,"parent":0,"menu_order":0,"comment_status":"closed","ping_status":"closed","template":"","meta":{"_et_pb_use_builder":"on","_et_pb_old_content":"","_et_gb_content_width":"","footnotes":""},"class_list":["post-1195","page","type-page","status-publish","has-post-thumbnail","hentry"],"_links":{"self":[{"href":"https:\/\/umaliru1543.com\/en\/wp-json\/wp\/v2\/pages\/1195","targetHints":{"allow":["GET"]}}],"collection":[{"href":"https:\/\/umaliru1543.com\/en\/wp-json\/wp\/v2\/pages"}],"about":[{"href":"https:\/\/umaliru1543.com\/en\/wp-json\/wp\/v2\/types\/page"}],"author":[{"embeddable":true,"href":"https:\/\/umaliru1543.com\/en\/wp-json\/wp\/v2\/users\/1"}],"replies":[{"embeddable":true,"href":"https:\/\/umaliru1543.com\/en\/wp-json\/wp\/v2\/comments?post=1195"}],"version-history":[{"count":10,"href":"https:\/\/umaliru1543.com\/en\/wp-json\/wp\/v2\/pages\/1195\/revisions"}],"predecessor-version":[{"id":1645,"href":"https:\/\/umaliru1543.com\/en\/wp-json\/wp\/v2\/pages\/1195\/revisions\/1645"}],"wp:featuredmedia":[{"embeddable":true,"href":"https:\/\/umaliru1543.com\/en\/wp-json\/wp\/v2\/media\/775"}],"wp:attachment":[{"href":"https:\/\/umaliru1543.com\/en\/wp-json\/wp\/v2\/media?parent=1195"}],"curies":[{"name":"wp","href":"https:\/\/api.w.org\/{rel}","templated":true}]}}