{"id":703,"date":"2020-08-18T11:07:48","date_gmt":"2020-08-18T11:07:48","guid":{"rendered":"https:\/\/umaliru1543.com\/contact\/"},"modified":"2024-04-16T08:22:34","modified_gmt":"2024-04-16T08:22:34","slug":"contact","status":"publish","type":"page","link":"https:\/\/umaliru1543.com\/en\/contact\/","title":{"rendered":"Contact"},"content":{"rendered":"<p>[et_pb_section fb_built=&#8221;1&#8243; fullwidth=&#8221;on&#8221; _builder_version=&#8221;4.16&#8243; _module_preset=&#8221;default&#8221; global_colors_info=&#8221;{}&#8221;][et_pb_fullwidth_header title=&#8221;@ET-DC@eyJkeW5hbWljIjp0cnVlLCJjb250ZW50IjoicG9zdF90aXRsZSIsInNldHRpbmdzIjp7ImJlZm9yZSI6IiIsImFmdGVyIjoiIn19@&#8221; module_class=&#8221;text-title full-header&#8221; _builder_version=&#8221;4.16&#8243; _dynamic_attributes=&#8221;background_image,title&#8221; _module_preset=&#8221;default&#8221; title_text_align=&#8221;center&#8221; background_enable_color=&#8221;off&#8221; background_image=&#8221;@ET-DC@eyJkeW5hbWljIjp0cnVlLCJjb250ZW50IjoicG9zdF9mZWF0dXJlZF9pbWFnZSIsInNldHRpbmdzIjp7fX0=@&#8221; global_colors_info=&#8221;{}&#8221;][\/et_pb_fullwidth_header][\/et_pb_section][et_pb_section fb_built=&#8221;1&#8243; module_class=&#8221;background90&#8243; _builder_version=&#8221;4.16&#8243; _module_preset=&#8221;default&#8221; custom_padding=&#8221;0px|||||&#8221; global_colors_info=&#8221;{}&#8221;][et_pb_row column_structure=&#8221;1_3,1_3,1_3&#8243; _builder_version=&#8221;4.16&#8243; _module_preset=&#8221;5b80f8ab-fbe4-4c62-a7bf-1c3f56555050&#8243; global_colors_info=&#8221;{}&#8221;][et_pb_column type=&#8221;1_3&#8243; _builder_version=&#8221;4.16&#8243; _module_preset=&#8221;default&#8221; global_colors_info=&#8221;{}&#8221;][et_pb_image src=&#8221;https:\/\/umaliru1543.com\/wp-content\/uploads\/2020\/07\/Restaurace-u-maliru-exterier-3.jpg&#8221; title_text=&#8221;Restaurace-u-maliru-exterier-3&#8243; force_fullwidth=&#8221;on&#8221; _builder_version=&#8221;4.16&#8243; _module_preset=&#8221;default&#8221; animation_style=&#8221;slide&#8221; global_colors_info=&#8221;{}&#8221;][\/et_pb_image][\/et_pb_column][et_pb_column type=&#8221;1_3&#8243; _builder_version=&#8221;4.16&#8243; _module_preset=&#8221;default&#8221; transform_scale_tablet=&#8221;&#8221; transform_scale_phone=&#8221;&#8221; transform_scale_last_edited=&#8221;on|desktop&#8221; transform_translate=&#8221;-10%|0px&#8221; transform_translate_tablet=&#8221;0%|0px&#8221; transform_translate_phone=&#8221;&#8221; transform_translate_last_edited=&#8221;on|desktop&#8221; transform_translate_linked=&#8221;off&#8221; transform_rotate_tablet=&#8221;&#8221; transform_rotate_phone=&#8221;&#8221; transform_rotate_last_edited=&#8221;on|desktop&#8221; transform_skew_tablet=&#8221;&#8221; transform_skew_phone=&#8221;&#8221; transform_skew_last_edited=&#8221;on|desktop&#8221; transform_origin_tablet=&#8221;&#8221; transform_origin_phone=&#8221;&#8221; transform_origin_last_edited=&#8221;on|desktop&#8221; transform_styles_last_edited=&#8221;on|desktop&#8221; transform_styles_tablet=&#8221;&#8221; transform_styles_phone=&#8221;&#8221; global_colors_info=&#8221;{}&#8221;][et_pb_text module_class=&#8221;a&#8221; _builder_version=&#8221;4.16&#8243; _module_preset=&#8221;2190abeb-98bc-440c-af43-73532a2acb15&#8243; header_4_text_align=&#8221;center&#8221; header_4_font_size=&#8221;21px&#8221; text_orientation=&#8221;center&#8221; global_colors_info=&#8221;{}&#8221;]<\/p>\n<h1 class=\"text-title\">Restaurace U Mal\u00ed\u0159\u016f 1543<\/h1>\n<p>Malt\u00e9zsk\u00e9 n\u00e1m\u011bst\u00ed 11,\u00a0Praha 1 &#8211; Mal\u00e1 Strana,\u00a0118 00<\/p>\n<p>Tel.: (+ 420) 257 211 014<br \/>Email:\u00a0<a href=\"mailto:info@umaliru1543.com\">info@umaliru1543.com<\/a><br \/><strong>Email for reservations:<\/strong><br \/><a href=\"mailto:restauraceumaliru1543@gmail.com\"><span>restauraceumaliru1543@gmail.com<\/span><\/a><\/p>\n<p><strong>Opening hours:<br \/><\/strong>Mon &#8211; Fri <span>11:30 &#8211; 14:30 and<\/span> \u00a018:00 &#8211; 23:30<br \/>Sat 18:00 &#8211; 23:30<br \/>Sun\u00a0 Closed<\/p>\n<p>Dear guests, please make a reservation in advance.<\/p>\n<p>&nbsp;<\/p>\n<p><strong>Responsible person<\/strong><br \/>Barto\u0161ek V\u00edt<br \/>Tel.: (+ 420) 257 211 014<\/p>\n<p><strong>Boutique Wines s. r. o.<\/strong><br \/>I\u010cO: 24740136,\u00a0DI\u010c: CZ24740136<\/p>\n<p>[\/et_pb_text][\/et_pb_column][et_pb_column type=&#8221;1_3&#8243; _builder_version=&#8221;4.16&#8243; _module_preset=&#8221;default&#8221; transform_scale_tablet=&#8221;&#8221; transform_scale_phone=&#8221;&#8221; transform_scale_last_edited=&#8221;on|desktop&#8221; transform_translate=&#8221;-10%|0px&#8221; transform_translate_tablet=&#8221;0%|0px&#8221; transform_translate_phone=&#8221;&#8221; transform_translate_last_edited=&#8221;on|desktop&#8221; transform_translate_linked=&#8221;off&#8221; transform_rotate_tablet=&#8221;&#8221; transform_rotate_phone=&#8221;&#8221; transform_rotate_last_edited=&#8221;on|desktop&#8221; transform_skew_tablet=&#8221;&#8221; transform_skew_phone=&#8221;&#8221; transform_skew_last_edited=&#8221;on|desktop&#8221; transform_origin_tablet=&#8221;&#8221; transform_origin_phone=&#8221;&#8221; transform_origin_last_edited=&#8221;on|desktop&#8221; transform_styles_last_edited=&#8221;on|desktop&#8221; transform_styles_tablet=&#8221;&#8221; transform_styles_phone=&#8221;&#8221; global_colors_info=&#8221;{}&#8221;][et_pb_code _builder_version=&#8221;4.16&#8243; _module_preset=&#8221;default&#8221; global_colors_info=&#8221;{}&#8221;]<iframe loading=\"lazy\" style=\"border: 0;\" tabindex=\"0\" src=\"https:\/\/www.google.com\/maps\/embed?pb=!1m18!1m12!1m3!1d2559.991501567519!2d14.403196316146154!3d50.08644597942696!2m3!1f0!2f0!3f0!3m2!1i1024!2i768!4f13.1!3m3!1m2!1s0x470b94e3bb41f649%3A0xc810f45191f420ac!2zUmVzdGF1cmFjZSBVIE1hbMOtxZnFrzE1NDM!5e0!3m2!1sen!2scz!4v1597748844888!5m2!1sen!2scz\" width=\"100%\" height=\"450\" frameborder=\"0\" allowfullscreen=\"allowfullscreen\" aria-hidden=\"false\"><\/iframe>[\/et_pb_code][\/et_pb_column][\/et_pb_row][\/et_pb_section]<\/p>\n","protected":false},"excerpt":{"rendered":"<p>Restaurace U Mal\u00ed\u0159\u016f 1543 Malt\u00e9zsk\u00e9 n\u00e1m\u011bst\u00ed 11,\u00a0Praha 1 &#8211; Mal\u00e1 Strana,\u00a0118 00 Tel.: (+ 420) 257 211 014Email:\u00a0info@umaliru1543.comEmail for reservations:restauraceumaliru1543@gmail.com Opening hours:Mon &#8211; Fri 11:30 &#8211; 14:30 and \u00a018:00 &#8211; 23:30Sat 18:00 &#8211; 23:30Sun\u00a0 Closed Dear guests, please make a reservation in advance. &nbsp; Responsible personBarto\u0161ek V\u00edtTel.: (+ 420) 257 211 014 Boutique Wines s. [&hellip;]<\/p>\n","protected":false},"author":1,"featured_media":706,"parent":0,"menu_order":0,"comment_status":"closed","ping_status":"closed","template":"","meta":{"_et_pb_use_builder":"on","_et_pb_old_content":"","_et_gb_content_width":"","footnotes":""},"class_list":["post-703","page","type-page","status-publish","has-post-thumbnail","hentry"],"_links":{"self":[{"href":"https:\/\/umaliru1543.com\/en\/wp-json\/wp\/v2\/pages\/703","targetHints":{"allow":["GET"]}}],"collection":[{"href":"https:\/\/umaliru1543.com\/en\/wp-json\/wp\/v2\/pages"}],"about":[{"href":"https:\/\/umaliru1543.com\/en\/wp-json\/wp\/v2\/types\/page"}],"author":[{"embeddable":true,"href":"https:\/\/umaliru1543.com\/en\/wp-json\/wp\/v2\/users\/1"}],"replies":[{"embeddable":true,"href":"https:\/\/umaliru1543.com\/en\/wp-json\/wp\/v2\/comments?post=703"}],"version-history":[{"count":18,"href":"https:\/\/umaliru1543.com\/en\/wp-json\/wp\/v2\/pages\/703\/revisions"}],"predecessor-version":[{"id":1564,"href":"https:\/\/umaliru1543.com\/en\/wp-json\/wp\/v2\/pages\/703\/revisions\/1564"}],"wp:featuredmedia":[{"embeddable":true,"href":"https:\/\/umaliru1543.com\/en\/wp-json\/wp\/v2\/media\/706"}],"wp:attachment":[{"href":"https:\/\/umaliru1543.com\/en\/wp-json\/wp\/v2\/media?parent=703"}],"curies":[{"name":"wp","href":"https:\/\/api.w.org\/{rel}","templated":true}]}}