{"id":717,"date":"2020-08-19T09:53:03","date_gmt":"2020-08-19T09:53:03","guid":{"rendered":"https:\/\/umaliru1543.com\/beverages\/"},"modified":"2020-08-19T09:53:04","modified_gmt":"2020-08-19T09:53:04","slug":"beverages","status":"publish","type":"page","link":"https:\/\/umaliru1543.com\/en\/beverages\/","title":{"rendered":"BEVERAGES"},"content":{"rendered":"<p>[et_pb_section fb_built=&#8221;1&#8243; fullwidth=&#8221;on&#8221; _builder_version=&#8221;4.5.1&#8243; _module_preset=&#8221;default&#8221;][et_pb_fullwidth_header title=&#8221;@ET-DC@eyJkeW5hbWljIjp0cnVlLCJjb250ZW50IjoicG9zdF90aXRsZSIsInNldHRpbmdzIjp7ImJlZm9yZSI6IiIsImFmdGVyIjoiIn19@&#8221; module_class=&#8221;text-title full-header gold&#8221; _builder_version=&#8221;4.5.1&#8243; _dynamic_attributes=&#8221;background_image,title&#8221; _module_preset=&#8221;default&#8221; title_text_align=&#8221;center&#8221; background_enable_color=&#8221;off&#8221; background_image=&#8221;@ET-DC@eyJkeW5hbWljIjp0cnVlLCJjb250ZW50IjoicG9zdF9mZWF0dXJlZF9pbWFnZSIsInNldHRpbmdzIjp7fX0=@&#8221;][\/et_pb_fullwidth_header][\/et_pb_section][et_pb_section fb_built=&#8221;1&#8243; module_class=&#8221;background90&#8243; _builder_version=&#8221;4.5.1&#8243; _module_preset=&#8221;default&#8221; custom_padding=&#8221;0px|||||&#8221; hover_enabled=&#8221;0&#8243;][et_pb_row _builder_version=&#8221;4.5.1&#8243; _module_preset=&#8221;5b80f8ab-fbe4-4c62-a7bf-1c3f56555050&#8243; custom_margin_tablet=&#8221;&#8221; custom_margin_phone=&#8221;|0px||0px|false|false&#8221; custom_margin_last_edited=&#8221;on|phone&#8221; custom_padding=&#8221;|0px||0px|false|false&#8221;][et_pb_column type=&#8221;4_4&#8243; _builder_version=&#8221;4.5.1&#8243; _module_preset=&#8221;default&#8221;][et_pb_text _builder_version=&#8221;4.5.1&#8243; _module_preset=&#8221;2190abeb-98bc-440c-af43-73532a2acb15&#8243;]<div id=\"tablepress-5-scroll-wrapper\" class=\"tablepress-scroll-wrapper\">\n\n<table id=\"tablepress-5\" class=\"tablepress tablepress-id-5 menu tablepress-responsive\">\n<tbody>\n<tr class=\"row-1\">\n\t<td colspan=\"2\" class=\"column-1\">* BEER 0,33 l * <\/td>\n<\/tr>\n<tr class=\"row-2\">\n\t<td class=\"column-1\">Pilsner Urquell \u2013 sv\u011btl\u00fd le\u017e\u00e1k, 4,4% obj. alc. <\/td><td class=\"column-2\">80 K\u010d<\/td>\n<\/tr>\n<tr class=\"row-3\">\n\t<td class=\"column-1\">Birell \u2013 sv\u011btl\u00e9 nealkoholick\u00e9 pivo, 0,5% obj. alc. (non alcoholic beer)<\/td><td class=\"column-2\">60 K\u010d<\/td>\n<\/tr>\n<tr class=\"row-4\">\n\t<td colspan=\"2\" class=\"column-1\">* NEALKOHOLICK\u00c9 N\u00c1POJE - NON ALCOHOLIC BEVERAGES * <\/td>\n<\/tr>\n<tr class=\"row-5\">\n\t<td colspan=\"2\" class=\"column-1\">| Voda - Water Fromin<\/td>\n<\/tr>\n<tr class=\"row-6\">\n\t<td class=\"column-1\">0,75 l Fromin neperliv\u00e1 - still<\/td><td class=\"column-2\">90 K\u010d<\/td>\n<\/tr>\n<tr class=\"row-7\">\n\t<td class=\"column-1\">0,70 l Fromin perliv\u00e1 - sparkling<\/td><td class=\"column-2\">90 K\u010d<\/td>\n<\/tr>\n<tr class=\"row-8\">\n\t<td class=\"column-1\">0,15 l Tonic water<\/td><td class=\"column-2\">60 K\u010d<\/td>\n<\/tr>\n<tr class=\"row-9\">\n\t<td class=\"column-1\">0,2 l Coca-cola<\/td><td class=\"column-2\">60 K\u010d<\/td>\n<\/tr>\n<tr class=\"row-10\">\n\t<td class=\"column-1\">0,2 l Juice<\/td><td class=\"column-2\">60 K\u010d<\/td>\n<\/tr>\n<tr class=\"row-11\">\n\t<td class=\"column-1\">0,1 l Crodino<\/td><td class=\"column-2\">80 K\u010d<\/td>\n<\/tr>\n<tr class=\"row-12\">\n\t<td colspan=\"2\" class=\"column-1\">* K\u00c1VA, \u010cAJ - COFFEE, TEA * <\/td>\n<\/tr>\n<tr class=\"row-13\">\n\t<td class=\"column-1\">Espresso<\/td><td class=\"column-2\">65 K\u010d<\/td>\n<\/tr>\n<tr class=\"row-14\">\n\t<td class=\"column-1\">Cappuccino<\/td><td class=\"column-2\">75 K\u010d<\/td>\n<\/tr>\n<tr class=\"row-15\">\n\t<td class=\"column-1\">\u010caj - Tea Ronnefeldt<\/td><td class=\"column-2\">65 K\u010d<\/td>\n<\/tr>\n<tr class=\"row-16\">\n\t<td colspan=\"2\" class=\"column-1\">* COGNAC \u2013 ARMAGNAC 0,04 l *<\/td>\n<\/tr>\n<tr class=\"row-17\">\n\t<td class=\"column-1\">Cognac Richard Delisle - V.S.O.P.<\/td><td class=\"column-2\">195 K\u010d<\/td>\n<\/tr>\n<tr class=\"row-18\">\n\t<td class=\"column-1\">Cognac Richard Delisle - XO<\/td><td class=\"column-2\">285 K\u010d<\/td>\n<\/tr>\n<tr class=\"row-19\">\n\t<td class=\"column-1\">Cognac Richard Delisle, Limited Edition - Grande Champagne, XO<\/td><td class=\"column-2\">450 K\u010d<\/td>\n<\/tr>\n<tr class=\"row-20\">\n\t<td class=\"column-1\">Cognac Club Cigare, Limited Edition - XO<\/td><td class=\"column-2\">365 K\u010d<\/td>\n<\/tr>\n<tr class=\"row-21\">\n\t<td class=\"column-1\">Cognac Tesseron, Lot N\u00b0 90<\/td><td class=\"column-2\">310 K\u010d<\/td>\n<\/tr>\n<tr class=\"row-22\">\n\t<td class=\"column-1\">Cognac Tesseron, Lot N\u00b0 76, - Grande Champagne<\/td><td class=\"column-2\">480 K\u010d<\/td>\n<\/tr>\n<tr class=\"row-23\">\n\t<td class=\"column-1\">Cognac Tesseron Carafe, Lot N\u00b0 65, \u00c9motion - Grande Champagne<\/td><td class=\"column-2\">545 K\u010d<\/td>\n<\/tr>\n<tr class=\"row-24\">\n\t<td class=\"column-1\">Cognac Tesseron, Passion - XO<\/td><td class=\"column-2\">510 K\u010d<\/td>\n<\/tr>\n<tr class=\"row-25\">\n\t<td class=\"column-1\">Cognac Tesseron, Legende - Grande Champagne<\/td><td class=\"column-2\">655 K\u010d<\/td>\n<\/tr>\n<tr class=\"row-26\">\n\t<td class=\"column-1\">Cognac Tesseron, Lot N\u00b0 53, XO Perfection - Grande Champagne, XO<\/td><td class=\"column-2\">715 K\u010d<\/td>\n<\/tr>\n<tr class=\"row-27\">\n\t<td class=\"column-1\">Cognac Tesseron, Lot N\u00b0 29, XO Exception - Grande Champagne, XO<\/td><td class=\"column-2\">1 115 K\u010d<\/td>\n<\/tr>\n<tr class=\"row-28\">\n\t<td class=\"column-1\">Cognac Tesseron Tresor - Grande Champagne<\/td><td class=\"column-2\">1 450 K\u010d<\/td>\n<\/tr>\n<tr class=\"row-29\">\n\t<td class=\"column-1\">Cognac Tesseron, Royal Blend - Grande Champagne<\/td><td class=\"column-2\">1 915 K\u010d<\/td>\n<\/tr>\n<tr class=\"row-30\">\n\t<td class=\"column-1\">Bas \u2013 Armagnac, Veuve Lafontan - 12y, XO<\/td><td class=\"column-2\">225 K\u010d<\/td>\n<\/tr>\n<tr class=\"row-31\">\n\t<td class=\"column-1\">Armagnac Goudolin - 1917<\/td><td class=\"column-2\">3 685 K\u010d<\/td>\n<\/tr>\n<tr class=\"row-32\">\n\t<td colspan=\"2\" class=\"column-1\">* APERITIVE 0,1 l *<\/td>\n<\/tr>\n<tr class=\"row-33\">\n\t<td class=\"column-1\">Vermouth Mancino <\/td><td class=\"column-2\">190 K\u010d<\/td>\n<\/tr>\n<tr class=\"row-34\">\n\t<td class=\"column-1\">Vermouth Del Professore <\/td><td class=\"column-2\">220 K\u010d<\/td>\n<\/tr>\n<tr class=\"row-35\">\n\t<td class=\"column-1\">Campari bitter <\/td><td class=\"column-2\">110 K\u010d<\/td>\n<\/tr>\n<tr class=\"row-36\">\n\t<td colspan=\"2\" class=\"column-1\">* GIN 0,04 l *<\/td>\n<\/tr>\n<tr class=\"row-37\">\n\t<td class=\"column-1\">Elephant <\/td><td class=\"column-2\">190 K\u010d<\/td>\n<\/tr>\n<tr class=\"row-38\">\n\t<td class=\"column-1\">Bartolomeo <\/td><td class=\"column-2\">140 K\u010d<\/td>\n<\/tr>\n<tr class=\"row-39\">\n\t<td colspan=\"2\" class=\"column-1\">* FORTIFIKOVAN\u00c1 V\u00cdNA 0,04 l *<\/td>\n<\/tr>\n<tr class=\"row-40\">\n\t<td class=\"column-1\">Grant Burge Tawny <\/td><td class=\"column-2\">80 K\u010d<\/td>\n<\/tr>\n<tr class=\"row-41\">\n\t<td class=\"column-1\">Grant Burge 10 years <\/td><td class=\"column-2\">145 K\u010d<\/td>\n<\/tr>\n<tr class=\"row-42\">\n\t<td colspan=\"2\" class=\"column-1\">* WHISKY 0,04 l *<\/td>\n<\/tr>\n<tr class=\"row-43\">\n\t<td class=\"column-1\">Jack Daniels <\/td><td class=\"column-2\">90 K\u010d<\/td>\n<\/tr>\n<tr class=\"row-44\">\n\t<td class=\"column-1\">Talisker 10 years <\/td><td class=\"column-2\">185 K\u010d<\/td>\n<\/tr>\n<tr class=\"row-45\">\n\t<td class=\"column-1\">Dalwhinnie 15 years <\/td><td class=\"column-2\">190 K\u010d<\/td>\n<\/tr>\n<tr class=\"row-46\">\n\t<td class=\"column-1\">Glenkinchie 12 years <\/td><td class=\"column-2\">175 K\u010d<\/td>\n<\/tr>\n<tr class=\"row-47\">\n\t<td class=\"column-1\">Cragganmore 12 years <\/td><td class=\"column-2\">155 K\u010d<\/td>\n<\/tr>\n<tr class=\"row-48\">\n\t<td class=\"column-1\">Oban 14 years <\/td><td class=\"column-2\">215 K\u010d<\/td>\n<\/tr>\n<tr class=\"row-49\">\n\t<td class=\"column-1\">Lagavulin 16 years <\/td><td class=\"column-2\">235 K\u010d<\/td>\n<\/tr>\n<tr class=\"row-50\">\n\t<td colspan=\"2\" class=\"column-1\">* VODKA 0,04 l *<\/td>\n<\/tr>\n<tr class=\"row-51\">\n\t<td class=\"column-1\">Russian standard <\/td><td class=\"column-2\">90 K\u010d<\/td>\n<\/tr>\n<tr class=\"row-52\">\n\t<td class=\"column-1\">Beluga Transatlantic racing <\/td><td class=\"column-2\">180 K\u010d<\/td>\n<\/tr>\n<tr class=\"row-53\">\n\t<td class=\"column-1\">Vodka Legend of Kremlin <\/td><td class=\"column-2\">200 K\u010d<\/td>\n<\/tr>\n<tr class=\"row-54\">\n\t<td colspan=\"2\" class=\"column-1\">* EAU DE VIE 0,04 l *<\/td>\n<\/tr>\n<tr class=\"row-55\">\n\t<td class=\"column-1\">Navr\u00e1tilova Slivovica <\/td><td class=\"column-2\">160 K\u010d<\/td>\n<\/tr>\n<tr class=\"row-56\">\n\t<td class=\"column-1\">\u017duf\u00e1nek Spirit - Hru\u0161kovica <\/td><td class=\"column-2\">130 K\u010d<\/td>\n<\/tr>\n<tr class=\"row-57\">\n\t<td class=\"column-1\">Grappa di Barbera, Livio Pavese 165 K\u010d Calvados Roger Groult 8 Ans D\u00b4Age <\/td><td class=\"column-2\">205 K\u010d<\/td>\n<\/tr>\n<tr class=\"row-58\">\n\t<td colspan=\"2\" class=\"column-1\">* RUM 0,04 l *<\/td>\n<\/tr>\n<tr class=\"row-59\">\n\t<td class=\"column-1\">Angostura reserva blanco <\/td><td class=\"column-2\">100 K\u010d<\/td>\n<\/tr>\n<tr class=\"row-60\">\n\t<td class=\"column-1\">Pyrat XO <\/td><td class=\"column-2\">130 K\u010d<\/td>\n<\/tr>\n<tr class=\"row-61\">\n\t<td class=\"column-1\">Diplomatico Reserva <\/td><td class=\"column-2\">140 K\u010d<\/td>\n<\/tr>\n<tr class=\"row-62\">\n\t<td class=\"column-1\">Zacapa reserva limitada <\/td><td class=\"column-2\">220 K\u010d<\/td>\n<\/tr>\n<tr class=\"row-63\">\n\t<td class=\"column-1\">Millionario XO <\/td><td class=\"column-2\">305 K\u010d<\/td>\n<\/tr>\n<tr class=\"row-64\">\n\t<td colspan=\"2\" class=\"column-1\">* LIQUERS 0,04 l *<\/td>\n<\/tr>\n<tr class=\"row-65\">\n\t<td class=\"column-1\">Becherovka <\/td><td class=\"column-2\">90 K\u010d<\/td>\n<\/tr>\n<tr class=\"row-66\">\n\t<td class=\"column-1\">Amaro di Angostura <\/td><td class=\"column-2\">95 K\u010d<\/td>\n<\/tr>\n<tr class=\"row-67\">\n\t<td class=\"column-1\">Grand Marnier <\/td><td class=\"column-2\">140 K\u010d<\/td>\n<\/tr>\n<tr class=\"row-68\">\n\t<td class=\"column-1\">Godet pearadise <\/td><td class=\"column-2\">155 K\u010d<\/td>\n<\/tr>\n<\/tbody>\n<\/table>\n\n<\/div><!-- #tablepress-5 from cache -->[\/et_pb_text][\/et_pb_column][\/et_pb_row][\/et_pb_section]<\/p>\n","protected":false},"excerpt":{"rendered":"<div id=\"tablepress-5-no-2-scroll-wrapper\" class=\"tablepress-scroll-wrapper\">\n\n<table id=\"tablepress-5-no-2\" class=\"tablepress tablepress-id-5 menu tablepress-responsive\">\n<tbody>\n<tr class=\"row-1\">\n\t<td colspan=\"2\" class=\"column-1\">* BEER 0,33 l * <\/td>\n<\/tr>\n<tr class=\"row-2\">\n\t<td class=\"column-1\">Pilsner Urquell \u2013 sv\u011btl\u00fd le\u017e\u00e1k, 4,4% obj. alc. <\/td><td class=\"column-2\">80 K\u010d<\/td>\n<\/tr>\n<tr class=\"row-3\">\n\t<td class=\"column-1\">Birell \u2013 sv\u011btl\u00e9 nealkoholick\u00e9 pivo, 0,5% obj. alc. (non alcoholic beer)<\/td><td class=\"column-2\">60 K\u010d<\/td>\n<\/tr>\n<tr class=\"row-4\">\n\t<td colspan=\"2\" class=\"column-1\">* NEALKOHOLICK\u00c9 N\u00c1POJE - NON ALCOHOLIC BEVERAGES * <\/td>\n<\/tr>\n<tr class=\"row-5\">\n\t<td colspan=\"2\" class=\"column-1\">| Voda - Water Fromin<\/td>\n<\/tr>\n<tr class=\"row-6\">\n\t<td class=\"column-1\">0,75 l Fromin neperliv\u00e1 - still<\/td><td class=\"column-2\">90 K\u010d<\/td>\n<\/tr>\n<tr class=\"row-7\">\n\t<td class=\"column-1\">0,70 l Fromin perliv\u00e1 - sparkling<\/td><td class=\"column-2\">90 K\u010d<\/td>\n<\/tr>\n<tr class=\"row-8\">\n\t<td class=\"column-1\">0,15 l Tonic water<\/td><td class=\"column-2\">60 K\u010d<\/td>\n<\/tr>\n<tr class=\"row-9\">\n\t<td class=\"column-1\">0,2 l Coca-cola<\/td><td class=\"column-2\">60 K\u010d<\/td>\n<\/tr>\n<tr class=\"row-10\">\n\t<td class=\"column-1\">0,2 l Juice<\/td><td class=\"column-2\">60 K\u010d<\/td>\n<\/tr>\n<tr class=\"row-11\">\n\t<td class=\"column-1\">0,1 l Crodino<\/td><td class=\"column-2\">80 K\u010d<\/td>\n<\/tr>\n<tr class=\"row-12\">\n\t<td colspan=\"2\" class=\"column-1\">* K\u00c1VA, \u010cAJ - COFFEE, TEA * <\/td>\n<\/tr>\n<tr class=\"row-13\">\n\t<td class=\"column-1\">Espresso<\/td><td class=\"column-2\">65 K\u010d<\/td>\n<\/tr>\n<tr class=\"row-14\">\n\t<td class=\"column-1\">Cappuccino<\/td><td class=\"column-2\">75 K\u010d<\/td>\n<\/tr>\n<tr class=\"row-15\">\n\t<td class=\"column-1\">\u010caj - Tea Ronnefeldt<\/td><td class=\"column-2\">65 K\u010d<\/td>\n<\/tr>\n<tr class=\"row-16\">\n\t<td colspan=\"2\" class=\"column-1\">* COGNAC \u2013 ARMAGNAC 0,04 l *<\/td>\n<\/tr>\n<tr class=\"row-17\">\n\t<td class=\"column-1\">Cognac Richard Delisle - V.S.O.P.<\/td><td class=\"column-2\">195 K\u010d<\/td>\n<\/tr>\n<tr class=\"row-18\">\n\t<td class=\"column-1\">Cognac Richard Delisle - XO<\/td><td class=\"column-2\">285 K\u010d<\/td>\n<\/tr>\n<tr class=\"row-19\">\n\t<td class=\"column-1\">Cognac Richard Delisle, Limited Edition - Grande Champagne, XO<\/td><td class=\"column-2\">450 K\u010d<\/td>\n<\/tr>\n<tr class=\"row-20\">\n\t<td class=\"column-1\">Cognac Club Cigare, Limited Edition - XO<\/td><td class=\"column-2\">365 K\u010d<\/td>\n<\/tr>\n<tr class=\"row-21\">\n\t<td class=\"column-1\">Cognac Tesseron, Lot N\u00b0 90<\/td><td class=\"column-2\">310 K\u010d<\/td>\n<\/tr>\n<tr class=\"row-22\">\n\t<td class=\"column-1\">Cognac Tesseron, Lot N\u00b0 76, - Grande Champagne<\/td><td class=\"column-2\">480 K\u010d<\/td>\n<\/tr>\n<tr class=\"row-23\">\n\t<td class=\"column-1\">Cognac Tesseron Carafe, Lot N\u00b0 65, \u00c9motion - Grande Champagne<\/td><td class=\"column-2\">545 K\u010d<\/td>\n<\/tr>\n<tr class=\"row-24\">\n\t<td class=\"column-1\">Cognac Tesseron, Passion - XO<\/td><td class=\"column-2\">510 K\u010d<\/td>\n<\/tr>\n<tr class=\"row-25\">\n\t<td class=\"column-1\">Cognac Tesseron, Legende - Grande Champagne<\/td><td class=\"column-2\">655 K\u010d<\/td>\n<\/tr>\n<tr class=\"row-26\">\n\t<td class=\"column-1\">Cognac Tesseron, Lot N\u00b0 53, XO Perfection - Grande Champagne, XO<\/td><td class=\"column-2\">715 K\u010d<\/td>\n<\/tr>\n<tr class=\"row-27\">\n\t<td class=\"column-1\">Cognac Tesseron, Lot N\u00b0 29, XO Exception - Grande Champagne, XO<\/td><td class=\"column-2\">1 115 K\u010d<\/td>\n<\/tr>\n<tr class=\"row-28\">\n\t<td class=\"column-1\">Cognac Tesseron Tresor - Grande Champagne<\/td><td class=\"column-2\">1 450 K\u010d<\/td>\n<\/tr>\n<tr class=\"row-29\">\n\t<td class=\"column-1\">Cognac Tesseron, Royal Blend - Grande Champagne<\/td><td class=\"column-2\">1 915 K\u010d<\/td>\n<\/tr>\n<tr class=\"row-30\">\n\t<td class=\"column-1\">Bas \u2013 Armagnac, Veuve Lafontan - 12y, XO<\/td><td class=\"column-2\">225 K\u010d<\/td>\n<\/tr>\n<tr class=\"row-31\">\n\t<td class=\"column-1\">Armagnac Goudolin - 1917<\/td><td class=\"column-2\">3 685 K\u010d<\/td>\n<\/tr>\n<tr class=\"row-32\">\n\t<td colspan=\"2\" class=\"column-1\">* APERITIVE 0,1 l *<\/td>\n<\/tr>\n<tr class=\"row-33\">\n\t<td class=\"column-1\">Vermouth Mancino <\/td><td class=\"column-2\">190 K\u010d<\/td>\n<\/tr>\n<tr class=\"row-34\">\n\t<td class=\"column-1\">Vermouth Del Professore <\/td><td class=\"column-2\">220 K\u010d<\/td>\n<\/tr>\n<tr class=\"row-35\">\n\t<td class=\"column-1\">Campari bitter <\/td><td class=\"column-2\">110 K\u010d<\/td>\n<\/tr>\n<tr class=\"row-36\">\n\t<td colspan=\"2\" class=\"column-1\">* GIN 0,04 l *<\/td>\n<\/tr>\n<tr class=\"row-37\">\n\t<td class=\"column-1\">Elephant <\/td><td class=\"column-2\">190 K\u010d<\/td>\n<\/tr>\n<tr class=\"row-38\">\n\t<td class=\"column-1\">Bartolomeo <\/td><td class=\"column-2\">140 K\u010d<\/td>\n<\/tr>\n<tr class=\"row-39\">\n\t<td colspan=\"2\" class=\"column-1\">* FORTIFIKOVAN\u00c1 V\u00cdNA 0,04 l *<\/td>\n<\/tr>\n<tr class=\"row-40\">\n\t<td class=\"column-1\">Grant Burge Tawny <\/td><td class=\"column-2\">80 K\u010d<\/td>\n<\/tr>\n<tr class=\"row-41\">\n\t<td class=\"column-1\">Grant Burge 10 years <\/td><td class=\"column-2\">145 K\u010d<\/td>\n<\/tr>\n<tr class=\"row-42\">\n\t<td colspan=\"2\" class=\"column-1\">* WHISKY 0,04 l *<\/td>\n<\/tr>\n<tr class=\"row-43\">\n\t<td class=\"column-1\">Jack Daniels <\/td><td class=\"column-2\">90 K\u010d<\/td>\n<\/tr>\n<tr class=\"row-44\">\n\t<td class=\"column-1\">Talisker 10 years <\/td><td class=\"column-2\">185 K\u010d<\/td>\n<\/tr>\n<tr class=\"row-45\">\n\t<td class=\"column-1\">Dalwhinnie 15 years <\/td><td class=\"column-2\">190 K\u010d<\/td>\n<\/tr>\n<tr class=\"row-46\">\n\t<td class=\"column-1\">Glenkinchie 12 years <\/td><td class=\"column-2\">175 K\u010d<\/td>\n<\/tr>\n<tr class=\"row-47\">\n\t<td class=\"column-1\">Cragganmore 12 years <\/td><td class=\"column-2\">155 K\u010d<\/td>\n<\/tr>\n<tr class=\"row-48\">\n\t<td class=\"column-1\">Oban 14 years <\/td><td class=\"column-2\">215 K\u010d<\/td>\n<\/tr>\n<tr class=\"row-49\">\n\t<td class=\"column-1\">Lagavulin 16 years <\/td><td class=\"column-2\">235 K\u010d<\/td>\n<\/tr>\n<tr class=\"row-50\">\n\t<td colspan=\"2\" class=\"column-1\">* VODKA 0,04 l *<\/td>\n<\/tr>\n<tr class=\"row-51\">\n\t<td class=\"column-1\">Russian standard <\/td><td class=\"column-2\">90 K\u010d<\/td>\n<\/tr>\n<tr class=\"row-52\">\n\t<td class=\"column-1\">Beluga Transatlantic racing <\/td><td class=\"column-2\">180 K\u010d<\/td>\n<\/tr>\n<tr class=\"row-53\">\n\t<td class=\"column-1\">Vodka Legend of Kremlin <\/td><td class=\"column-2\">200 K\u010d<\/td>\n<\/tr>\n<tr class=\"row-54\">\n\t<td colspan=\"2\" class=\"column-1\">* EAU DE VIE 0,04 l *<\/td>\n<\/tr>\n<tr class=\"row-55\">\n\t<td class=\"column-1\">Navr\u00e1tilova Slivovica <\/td><td class=\"column-2\">160 K\u010d<\/td>\n<\/tr>\n<tr class=\"row-56\">\n\t<td class=\"column-1\">\u017duf\u00e1nek Spirit - Hru\u0161kovica <\/td><td class=\"column-2\">130 K\u010d<\/td>\n<\/tr>\n<tr class=\"row-57\">\n\t<td class=\"column-1\">Grappa di Barbera, Livio Pavese 165 K\u010d Calvados Roger Groult 8 Ans D\u00b4Age <\/td><td class=\"column-2\">205 K\u010d<\/td>\n<\/tr>\n<tr class=\"row-58\">\n\t<td colspan=\"2\" class=\"column-1\">* RUM 0,04 l *<\/td>\n<\/tr>\n<tr class=\"row-59\">\n\t<td class=\"column-1\">Angostura reserva blanco <\/td><td class=\"column-2\">100 K\u010d<\/td>\n<\/tr>\n<tr class=\"row-60\">\n\t<td class=\"column-1\">Pyrat XO <\/td><td class=\"column-2\">130 K\u010d<\/td>\n<\/tr>\n<tr class=\"row-61\">\n\t<td class=\"column-1\">Diplomatico Reserva <\/td><td class=\"column-2\">140 K\u010d<\/td>\n<\/tr>\n<tr class=\"row-62\">\n\t<td class=\"column-1\">Zacapa reserva limitada <\/td><td class=\"column-2\">220 K\u010d<\/td>\n<\/tr>\n<tr class=\"row-63\">\n\t<td class=\"column-1\">Millionario XO <\/td><td class=\"column-2\">305 K\u010d<\/td>\n<\/tr>\n<tr class=\"row-64\">\n\t<td colspan=\"2\" class=\"column-1\">* LIQUERS 0,04 l *<\/td>\n<\/tr>\n<tr class=\"row-65\">\n\t<td class=\"column-1\">Becherovka <\/td><td class=\"column-2\">90 K\u010d<\/td>\n<\/tr>\n<tr class=\"row-66\">\n\t<td class=\"column-1\">Amaro di Angostura <\/td><td class=\"column-2\">95 K\u010d<\/td>\n<\/tr>\n<tr class=\"row-67\">\n\t<td class=\"column-1\">Grand Marnier <\/td><td class=\"column-2\">140 K\u010d<\/td>\n<\/tr>\n<tr class=\"row-68\">\n\t<td class=\"column-1\">Godet pearadise <\/td><td class=\"column-2\">155 K\u010d<\/td>\n<\/tr>\n<\/tbody>\n<\/table>\n\n<\/div>\n","protected":false},"author":1,"featured_media":719,"parent":0,"menu_order":0,"comment_status":"closed","ping_status":"closed","template":"","meta":{"_et_pb_use_builder":"on","_et_pb_old_content":"","_et_gb_content_width":"","footnotes":""},"class_list":["post-717","page","type-page","status-publish","has-post-thumbnail","hentry"],"_links":{"self":[{"href":"https:\/\/umaliru1543.com\/en\/wp-json\/wp\/v2\/pages\/717","targetHints":{"allow":["GET"]}}],"collection":[{"href":"https:\/\/umaliru1543.com\/en\/wp-json\/wp\/v2\/pages"}],"about":[{"href":"https:\/\/umaliru1543.com\/en\/wp-json\/wp\/v2\/types\/page"}],"author":[{"embeddable":true,"href":"https:\/\/umaliru1543.com\/en\/wp-json\/wp\/v2\/users\/1"}],"replies":[{"embeddable":true,"href":"https:\/\/umaliru1543.com\/en\/wp-json\/wp\/v2\/comments?post=717"}],"version-history":[{"count":1,"href":"https:\/\/umaliru1543.com\/en\/wp-json\/wp\/v2\/pages\/717\/revisions"}],"predecessor-version":[{"id":718,"href":"https:\/\/umaliru1543.com\/en\/wp-json\/wp\/v2\/pages\/717\/revisions\/718"}],"wp:featuredmedia":[{"embeddable":true,"href":"https:\/\/umaliru1543.com\/en\/wp-json\/wp\/v2\/media\/719"}],"wp:attachment":[{"href":"https:\/\/umaliru1543.com\/en\/wp-json\/wp\/v2\/media?parent=717"}],"curies":[{"name":"wp","href":"https:\/\/api.w.org\/{rel}","templated":true}]}}