{"id":856,"date":"2020-08-14T12:19:03","date_gmt":"2020-08-14T12:19:03","guid":{"rendered":"https:\/\/umaliru1543.com\/private-club-for-your-event\/"},"modified":"2020-09-07T05:32:30","modified_gmt":"2020-09-07T05:32:30","slug":"private-club-for-your-event","status":"publish","type":"page","link":"https:\/\/umaliru1543.com\/en\/private-club-for-your-event\/","title":{"rendered":"Club for your event"},"content":{"rendered":"<p>[et_pb_section fb_built=&#8221;1&#8243; fullwidth=&#8221;on&#8221; _builder_version=&#8221;4.5.1&#8243; _module_preset=&#8221;default&#8221;][et_pb_fullwidth_header title=&#8221;@ET-DC@eyJkeW5hbWljIjp0cnVlLCJjb250ZW50IjoicG9zdF90aXRsZSIsInNldHRpbmdzIjp7ImJlZm9yZSI6IiIsImFmdGVyIjoiIn19@&#8221; module_class=&#8221;text-title full-header&#8221; _builder_version=&#8221;4.5.1&#8243; _dynamic_attributes=&#8221;background_image,title&#8221; _module_preset=&#8221;default&#8221; title_text_align=&#8221;center&#8221; background_enable_color=&#8221;off&#8221; background_image=&#8221;@ET-DC@eyJkeW5hbWljIjp0cnVlLCJjb250ZW50IjoicG9zdF9mZWF0dXJlZF9pbWFnZSIsInNldHRpbmdzIjp7fX0=@&#8221;][\/et_pb_fullwidth_header][\/et_pb_section][et_pb_section fb_built=&#8221;1&#8243; module_class=&#8221;background90&#8243; _builder_version=&#8221;4.5.1&#8243; _module_preset=&#8221;default&#8221; custom_padding=&#8221;0px|||||&#8221;][et_pb_row column_structure=&#8221;1_2,1_2&#8243; _builder_version=&#8221;4.5.1&#8243; _module_preset=&#8221;5b80f8ab-fbe4-4c62-a7bf-1c3f56555050&#8243;][et_pb_column type=&#8221;1_2&#8243; _builder_version=&#8221;4.5.1&#8243; _module_preset=&#8221;default&#8221;][et_pb_image src=&#8221;@ET-DC@eyJkeW5hbWljIjp0cnVlLCJjb250ZW50IjoicG9zdF9mZWF0dXJlZF9pbWFnZSIsInNldHRpbmdzIjp7fX0=@&#8221; title_text=&#8221;0a8a2230_0&#8243; _builder_version=&#8221;4.5.6&#8243; _dynamic_attributes=&#8221;src&#8221; _module_preset=&#8221;default&#8221; animation_style=&#8221;slide&#8221;][\/et_pb_image][\/et_pb_column][et_pb_column type=&#8221;1_2&#8243; _builder_version=&#8221;4.5.1&#8243; _module_preset=&#8221;default&#8221; transform_scale_tablet=&#8221;&#8221; transform_scale_phone=&#8221;&#8221; transform_scale_last_edited=&#8221;on|desktop&#8221; transform_translate=&#8221;-10%|0px&#8221; transform_translate_tablet=&#8221;0%|0px&#8221; transform_translate_phone=&#8221;&#8221; transform_translate_last_edited=&#8221;on|desktop&#8221; transform_translate_linked=&#8221;off&#8221; transform_rotate_tablet=&#8221;&#8221; transform_rotate_phone=&#8221;&#8221; transform_rotate_last_edited=&#8221;on|desktop&#8221; transform_skew_tablet=&#8221;&#8221; transform_skew_phone=&#8221;&#8221; transform_skew_last_edited=&#8221;on|desktop&#8221; transform_origin_tablet=&#8221;&#8221; transform_origin_phone=&#8221;&#8221; transform_origin_last_edited=&#8221;on|desktop&#8221; transform_styles_last_edited=&#8221;on|desktop&#8221; transform_styles_tablet=&#8221;&#8221; transform_styles_phone=&#8221;&#8221;][et_pb_text _builder_version=&#8221;4.5.6&#8243; _module_preset=&#8221;2190abeb-98bc-440c-af43-73532a2acb15&#8243;]<\/p>\n<p>Are you looking\u00a0for the\u00a0perfect place\u00a0to\u00a0<strong>host a\u00a0party\u00a0or a special event<\/strong>?<\/p>\n<p>Our\u00a0 Club\u00a0is the most unique\u00a0place\u00a0to go for your next\u00a0<strong>corporate event<\/strong>,\u00a0<strong>unforgettable company party<\/strong>,\u00a0<strong>family celebration<\/strong>,\u00a0<strong>private party\u00a0<\/strong>or\u00a0<strong>bachelorette party<\/strong>, and with its\u00a0<strong>capacity of up to 20 people<\/strong>\u00a0is a perfect place for intimate events of all kinds\u00a0<strong>in the heart of Prague<\/strong>.<\/p>\n<p>The Private club is located on a different floor than the restaurant U Mal\u00ed\u0159\u016f 1543, so you can be sure of<strong>\u00a0complete privacy\u00a0<\/strong>and<strong>\u00a0undisturbed space<\/strong>. The club features comfortable armchairs, a bar and a piano so your event can be\u00a0<strong>accompanied by live music\u00a0<\/strong>which we will arrange for you.<br \/> We offer\u00a0<strong>delicious catering\u00a0options<\/strong>\u00a0and an\u00a0<strong>outstanding selection of\u00a0wines, cocktails and spirits<\/strong>.<\/p>\n<p>We will be happy\u00a0to\u00a0personally show you our Private club and\u00a0<strong>tailor a package to suit your needs and budget<\/strong>.<\/p>\n<p>For more information do not hesitate to contact us at\u00a0<strong><a href=\"mailto:info@umaliru1543.com\">info@umaliru1543.com<\/a><\/strong>.<\/p>\n<p>[\/et_pb_text][\/et_pb_column][\/et_pb_row][\/et_pb_section][et_pb_section fb_built=&#8221;1&#8243; module_class=&#8221;background90&#8243; _builder_version=&#8221;4.5.6&#8243; _module_preset=&#8221;default&#8221;][et_pb_row use_custom_gutter=&#8221;on&#8221; gutter_width=&#8221;1&#8243; _builder_version=&#8221;4.5.1&#8243; _module_preset=&#8221;default&#8221; custom_padding=&#8221;0px||0px|||&#8221;][et_pb_column type=&#8221;4_4&#8243; _builder_version=&#8221;4.5.1&#8243; _module_preset=&#8221;default&#8221;][et_pb_gallery gallery_ids=&#8221;368,367,366,365,364,363,362,361,360&#8243; posts_number=&#8221;8&#8243; show_title_and_caption=&#8221;off&#8221; _builder_version=&#8221;4.5.1&#8243; _module_preset=&#8221;default&#8221; background_color=&#8221;#ffffff&#8221; custom_padding=&#8221;10px|10px|10px|10px|false|false&#8221; animation_style=&#8221;fade&#8221;][\/et_pb_gallery][\/et_pb_column][\/et_pb_row][\/et_pb_section]<\/p>\n","protected":false},"excerpt":{"rendered":"<p>Are you looking\u00a0for the\u00a0perfect place\u00a0to\u00a0host a\u00a0party\u00a0or a special event? Our\u00a0 Club\u00a0is the most unique\u00a0place\u00a0to go for your next\u00a0corporate event,\u00a0unforgettable company party,\u00a0family celebration,\u00a0private party\u00a0or\u00a0bachelorette party, and with its\u00a0capacity of up to 20 people\u00a0is a perfect place for intimate events of all kinds\u00a0in the heart of Prague. The Private club is located on a different floor than [&hellip;]<\/p>\n","protected":false},"author":1,"featured_media":859,"parent":0,"menu_order":0,"comment_status":"closed","ping_status":"closed","template":"","meta":{"_et_pb_use_builder":"on","_et_pb_old_content":"","_et_gb_content_width":"","footnotes":""},"class_list":["post-856","page","type-page","status-publish","has-post-thumbnail","hentry"],"_links":{"self":[{"href":"https:\/\/umaliru1543.com\/en\/wp-json\/wp\/v2\/pages\/856","targetHints":{"allow":["GET"]}}],"collection":[{"href":"https:\/\/umaliru1543.com\/en\/wp-json\/wp\/v2\/pages"}],"about":[{"href":"https:\/\/umaliru1543.com\/en\/wp-json\/wp\/v2\/types\/page"}],"author":[{"embeddable":true,"href":"https:\/\/umaliru1543.com\/en\/wp-json\/wp\/v2\/users\/1"}],"replies":[{"embeddable":true,"href":"https:\/\/umaliru1543.com\/en\/wp-json\/wp\/v2\/comments?post=856"}],"version-history":[{"count":7,"href":"https:\/\/umaliru1543.com\/en\/wp-json\/wp\/v2\/pages\/856\/revisions"}],"predecessor-version":[{"id":1167,"href":"https:\/\/umaliru1543.com\/en\/wp-json\/wp\/v2\/pages\/856\/revisions\/1167"}],"wp:featuredmedia":[{"embeddable":true,"href":"https:\/\/umaliru1543.com\/en\/wp-json\/wp\/v2\/media\/859"}],"wp:attachment":[{"href":"https:\/\/umaliru1543.com\/en\/wp-json\/wp\/v2\/media?parent=856"}],"curies":[{"name":"wp","href":"https:\/\/api.w.org\/{rel}","templated":true}]}}