{"id":864,"date":"2020-07-31T07:27:35","date_gmt":"2020-07-31T07:27:35","guid":{"rendered":"https:\/\/umaliru1543.com\/seasonal-offer\/"},"modified":"2020-10-01T06:47:44","modified_gmt":"2020-10-01T06:47:44","slug":"seasonal-offer","status":"publish","type":"page","link":"https:\/\/umaliru1543.com\/en\/seasonal-offer\/","title":{"rendered":"Daily Menu"},"content":{"rendered":"<p>[et_pb_section fb_built=&#8221;1&#8243; fullwidth=&#8221;on&#8221; _builder_version=&#8221;4.5.1&#8243; _module_preset=&#8221;default&#8221;][et_pb_fullwidth_header title=&#8221;@ET-DC@eyJkeW5hbWljIjp0cnVlLCJjb250ZW50IjoicG9zdF90aXRsZSIsInNldHRpbmdzIjp7ImJlZm9yZSI6IiIsImFmdGVyIjoiIn19@&#8221; module_class=&#8221;text-title full-header&#8221; _builder_version=&#8221;4.5.1&#8243; _dynamic_attributes=&#8221;background_image,title&#8221; _module_preset=&#8221;default&#8221; title_text_align=&#8221;center&#8221; background_enable_color=&#8221;off&#8221; background_image=&#8221;@ET-DC@eyJkeW5hbWljIjp0cnVlLCJjb250ZW50IjoicG9zdF9mZWF0dXJlZF9pbWFnZSIsInNldHRpbmdzIjp7fX0=@&#8221;][\/et_pb_fullwidth_header][\/et_pb_section][et_pb_section fb_built=&#8221;1&#8243; module_class=&#8221;backgroundred&#8221; _builder_version=&#8221;4.5.1&#8243; _module_preset=&#8221;default&#8221; custom_padding=&#8221;0px|||||&#8221;][et_pb_row _builder_version=&#8221;4.5.1&#8243; _module_preset=&#8221;5b80f8ab-fbe4-4c62-a7bf-1c3f56555050&#8243;][et_pb_column type=&#8221;4_4&#8243; _builder_version=&#8221;4.5.1&#8243; _module_preset=&#8221;default&#8221;][et_pb_text _builder_version=&#8221;4.6.3&#8243; _module_preset=&#8221;2190abeb-98bc-440c-af43-73532a2acb15&#8243;]\n<table id=\"tablepress-3\" class=\"tablepress tablepress-id-3 menu tyden-sezona tablepress-responsive\">\n<tbody>\n<tr class=\"row-1\">\n\t<td class=\"column-1\">* P\u0158EDKRM - STARTER *<\/td>\n<\/tr>\n<tr class=\"row-2\">\n\t<td class=\"column-1\">MARINOVAN\u00dd SIVEN, QUINOA A LU\u010cINA<\/td>\n<\/tr>\n<tr class=\"row-3\">\n\t<td class=\"column-1\">MARINATED BROOK TROUT, QUINOA, CREAM CHEESE<\/td>\n<\/tr>\n<tr class=\"row-4\">\n\t<td class=\"column-1\">FRANCOUZSK\u00c1 CIBULA\u010cKA S LI\u0160KAMI<\/td>\n<\/tr>\n<tr class=\"row-5\">\n\t<td class=\"column-1\">FRENCH ONION SOUP, CHANTERELLE MUSHROOMS<\/td>\n<\/tr>\n<tr class=\"row-6\">\n\t<td class=\"column-1\">* HLAVN\u00cd CHOD - MAIN COURSE *<\/td>\n<\/tr>\n<tr class=\"row-7\">\n\t<td class=\"column-1\">HOV\u011aZ\u00cd STROGANOFF S\u00a0MORKOV\u00ddM KNEDL\u00cdKEM<\/td>\n<\/tr>\n<tr class=\"row-8\">\n\t<td class=\"column-1\">BEEF STROGANOFF WITH MARROW DUMPLINGS<\/td>\n<\/tr>\n<tr class=\"row-9\">\n\t<td class=\"column-1\">RIZOTO Z\u00a0TARHONI, SMA\u017dEN\u00c9 VEJCE A LAN\u00dd\u017dOV\u00dd OLEJ<\/td>\n<\/tr>\n<tr class=\"row-10\">\n\t<td class=\"column-1\">EGG BARLEY RISOTTO, DEEP FRIED EGG, TRUFFLE OIL<\/td>\n<\/tr>\n<tr class=\"row-11\">\n\t<td class=\"column-1\">* DEZERT - DESSERT *<\/td>\n<\/tr>\n<tr class=\"row-12\">\n\t<td class=\"column-1\">FLAMBOVAN\u00c1 HRU\u0160KA S\u00a0OM\u00c1\u010cKOU SAUTERNES<\/td>\n<\/tr>\n<tr class=\"row-13\">\n\t<td class=\"column-1\">FLAMBED PEAR WITH SAUTERNES SAUCE<\/td>\n<\/tr>\n<tr class=\"row-14\">\n\t<td class=\"column-1\">JABLE\u010cN\u00dd SORBET<\/td>\n<\/tr>\n<tr class=\"row-15\">\n\t<td class=\"column-1\">GREEN APPLE SORBET<\/td>\n<\/tr>\n<tr class=\"row-16\">\n\t<td class=\"column-1\">~ CENA ZA 2\/3 CHODY\u200e: 490 K\u010c\/590 K\u010d ~ <\/td>\n<\/tr>\n<tr class=\"row-17\">\n\t<td class=\"column-1\">~ PRICE FOR 2\/3 COURSES: 490 K\u010c\/590 K\u010c ~ <\/td>\n<\/tr>\n<\/tbody>\n<\/table>\n<!-- #tablepress-3 from cache -->[\/et_pb_text][\/et_pb_column][\/et_pb_row][\/et_pb_section]<\/p>\n","protected":false},"excerpt":{"rendered":"\n<table id=\"tablepress-3-no-2\" class=\"tablepress tablepress-id-3 menu tyden-sezona tablepress-responsive\">\n<tbody>\n<tr class=\"row-1\">\n\t<td class=\"column-1\">* P\u0158EDKRM - STARTER *<\/td>\n<\/tr>\n<tr class=\"row-2\">\n\t<td class=\"column-1\">MARINOVAN\u00dd SIVEN, QUINOA A LU\u010cINA<\/td>\n<\/tr>\n<tr class=\"row-3\">\n\t<td class=\"column-1\">MARINATED BROOK TROUT, QUINOA, CREAM CHEESE<\/td>\n<\/tr>\n<tr class=\"row-4\">\n\t<td class=\"column-1\">FRANCOUZSK\u00c1 CIBULA\u010cKA S LI\u0160KAMI<\/td>\n<\/tr>\n<tr class=\"row-5\">\n\t<td class=\"column-1\">FRENCH ONION SOUP, CHANTERELLE MUSHROOMS<\/td>\n<\/tr>\n<tr class=\"row-6\">\n\t<td class=\"column-1\">* HLAVN\u00cd CHOD - MAIN COURSE *<\/td>\n<\/tr>\n<tr class=\"row-7\">\n\t<td class=\"column-1\">HOV\u011aZ\u00cd STROGANOFF S\u00a0MORKOV\u00ddM KNEDL\u00cdKEM<\/td>\n<\/tr>\n<tr class=\"row-8\">\n\t<td class=\"column-1\">BEEF STROGANOFF WITH MARROW DUMPLINGS<\/td>\n<\/tr>\n<tr class=\"row-9\">\n\t<td class=\"column-1\">RIZOTO Z\u00a0TARHONI, SMA\u017dEN\u00c9 VEJCE A LAN\u00dd\u017dOV\u00dd OLEJ<\/td>\n<\/tr>\n<tr class=\"row-10\">\n\t<td class=\"column-1\">EGG BARLEY RISOTTO, DEEP FRIED EGG, TRUFFLE OIL<\/td>\n<\/tr>\n<tr class=\"row-11\">\n\t<td class=\"column-1\">* DEZERT - DESSERT *<\/td>\n<\/tr>\n<tr class=\"row-12\">\n\t<td class=\"column-1\">FLAMBOVAN\u00c1 HRU\u0160KA S\u00a0OM\u00c1\u010cKOU SAUTERNES<\/td>\n<\/tr>\n<tr class=\"row-13\">\n\t<td class=\"column-1\">FLAMBED PEAR WITH SAUTERNES SAUCE<\/td>\n<\/tr>\n<tr class=\"row-14\">\n\t<td class=\"column-1\">JABLE\u010cN\u00dd SORBET<\/td>\n<\/tr>\n<tr class=\"row-15\">\n\t<td class=\"column-1\">GREEN APPLE SORBET<\/td>\n<\/tr>\n<tr class=\"row-16\">\n\t<td class=\"column-1\">~ CENA ZA 2\/3 CHODY\u200e: 490 K\u010c\/590 K\u010d ~ <\/td>\n<\/tr>\n<tr class=\"row-17\">\n\t<td class=\"column-1\">~ PRICE FOR 2\/3 COURSES: 490 K\u010c\/590 K\u010c ~ <\/td>\n<\/tr>\n<\/tbody>\n<\/table>\n\n","protected":false},"author":1,"featured_media":795,"parent":0,"menu_order":0,"comment_status":"closed","ping_status":"closed","template":"","meta":{"_et_pb_use_builder":"on","_et_pb_old_content":"","_et_gb_content_width":"","footnotes":""},"class_list":["post-864","page","type-page","status-publish","has-post-thumbnail","hentry"],"_links":{"self":[{"href":"https:\/\/umaliru1543.com\/en\/wp-json\/wp\/v2\/pages\/864","targetHints":{"allow":["GET"]}}],"collection":[{"href":"https:\/\/umaliru1543.com\/en\/wp-json\/wp\/v2\/pages"}],"about":[{"href":"https:\/\/umaliru1543.com\/en\/wp-json\/wp\/v2\/types\/page"}],"author":[{"embeddable":true,"href":"https:\/\/umaliru1543.com\/en\/wp-json\/wp\/v2\/users\/1"}],"replies":[{"embeddable":true,"href":"https:\/\/umaliru1543.com\/en\/wp-json\/wp\/v2\/comments?post=864"}],"version-history":[{"count":8,"href":"https:\/\/umaliru1543.com\/en\/wp-json\/wp\/v2\/pages\/864\/revisions"}],"predecessor-version":[{"id":1253,"href":"https:\/\/umaliru1543.com\/en\/wp-json\/wp\/v2\/pages\/864\/revisions\/1253"}],"wp:featuredmedia":[{"embeddable":true,"href":"https:\/\/umaliru1543.com\/en\/wp-json\/wp\/v2\/media\/795"}],"wp:attachment":[{"href":"https:\/\/umaliru1543.com\/en\/wp-json\/wp\/v2\/media?parent=864"}],"curies":[{"name":"wp","href":"https:\/\/api.w.org\/{rel}","templated":true}]}}