{"id":873,"date":"2020-07-31T09:38:56","date_gmt":"2020-07-31T09:38:56","guid":{"rendered":"https:\/\/umaliru1543.com\/group-menu\/"},"modified":"2024-06-18T20:10:43","modified_gmt":"2024-06-18T20:10:43","slug":"group-menu","status":"publish","type":"page","link":"https:\/\/umaliru1543.com\/en\/group-menu\/","title":{"rendered":"Group menu"},"content":{"rendered":"<p>[et_pb_section fb_built=&#8221;1&#8243; fullwidth=&#8221;on&#8221; _builder_version=&#8221;4.16&#8243; _module_preset=&#8221;default&#8221; global_colors_info=&#8221;{}&#8221;][et_pb_fullwidth_header title=&#8221;@ET-DC@eyJkeW5hbWljIjp0cnVlLCJjb250ZW50IjoicG9zdF90aXRsZSIsInNldHRpbmdzIjp7ImJlZm9yZSI6IiIsImFmdGVyIjoiIn19@&#8221; module_class=&#8221;text-title full-header&#8221; _builder_version=&#8221;4.16&#8243; _dynamic_attributes=&#8221;background_image,title&#8221; _module_preset=&#8221;default&#8221; title_text_align=&#8221;center&#8221; background_enable_color=&#8221;off&#8221; background_image=&#8221;@ET-DC@eyJkeW5hbWljIjp0cnVlLCJjb250ZW50IjoicG9zdF9mZWF0dXJlZF9pbWFnZSIsInNldHRpbmdzIjp7fX0=@&#8221; global_colors_info=&#8221;{}&#8221;][\/et_pb_fullwidth_header][\/et_pb_section][et_pb_section fb_built=&#8221;1&#8243; module_class=&#8221;backgroundred&#8221; _builder_version=&#8221;4.16&#8243; _module_preset=&#8221;default&#8221; custom_padding=&#8221;0px|||||&#8221; global_colors_info=&#8221;{}&#8221;][et_pb_row _builder_version=&#8221;4.16&#8243; _module_preset=&#8221;5b80f8ab-fbe4-4c62-a7bf-1c3f56555050&#8243; global_colors_info=&#8221;{}&#8221;][et_pb_column type=&#8221;4_4&#8243; _builder_version=&#8221;4.16&#8243; _module_preset=&#8221;default&#8221; global_colors_info=&#8221;{}&#8221;][et_pb_text disabled_on=&#8221;off|off|off&#8221; _builder_version=&#8221;4.25.2&#8243; _module_preset=&#8221;2190abeb-98bc-440c-af43-73532a2acb15&#8243; text_orientation=&#8221;center&#8221; hover_enabled=&#8221;0&#8243; global_colors_info=&#8221;{}&#8221; sticky_enabled=&#8221;0&#8243;]<\/p>\n<h3>\u2022 OB\u011aDOV\u00c9 MENU I \u2022<br \/>\u2022 LUNCH MENU I \u2022<\/h3>\n<p>DR\u016eBE\u017d\u00cd CONSOMM\u00c9, ZELENINA JULIENNE, FRIT\u00c1TOV\u00c9 NUDLE<br \/>POULTRY CONSOMM\u00c9, JULIENNE VEGETABLES AND FRIED NOODLE<br \/>*<br \/>DU\u0160EN\u00c1 VEP\u0158OV\u00c1 L\u00cd\u010cKA, SLANINOV\u00dd KNEDL\u00cdK A SEZ\u00d3NN\u00cd HOUBY<br \/>BRAISED PORK CHEEKS, BACON DUMPLING AND SEASONAL MUSHROOMS<br \/>*<br \/>JABLE\u010cN\u00dd Z\u00c1VIN S VI\u0160N\u011aMI<br \/>APPLE STRUDEL WITH CHERRIES<br \/>~ 990 K\u010d ~<\/p>\n<h3><\/h3>\n<h3><\/h3>\n<h3>\u2022 OB\u011aDOV\u00c9 MENU II \u2022<br \/>\u2022 LUNCH MENU II \u2022<\/h3>\n<p>SMA\u017dEN\u00c1 KROKETA Z VEP\u0158OV\u00c9 PLECE, RAJ\u010cATOV\u00c1 SALSA<br \/>DEEP FRIED PORK CROQUETTE, TOMATO SALSA<br \/>*<br \/>GALANTINA Z KU\u0158ETE, BRAMBOROV\u00c9 PYR\u00c9, \u0160PEN\u00c1T<br \/>CHICKEN GALANTINE, POTATO PUR\u00c9E AND SPINACH<br \/>*<br \/>TVAROHOV\u00c9 KNEDL\u00cdKY PLN\u011aN\u00c9 OVOCEM<br \/>FRUIT-FILLED CURD DUMPLINGS<br \/>~ 1090 K\u010d ~<\/p>\n<p>&nbsp;<\/p>\n<h3>\u2022 OB\u011aDOV\u00c9 MENU III \u2022<br \/>\u2022 LUNCH MENU III \u2022<\/h3>\n<p>HOV\u011aZ\u00cd PAST\u00dd\u0158SK\u00dd KOL\u00c1\u010c PARMAZ\u00c1N, NAKL\u00c1DAN\u00c1 ZELENINA<br \/>BEEF SHEPHERD&#8217;S PIE AND PICKLED VEGETABLES<br \/>*<br \/>FILET ZE PSTRUHA, ZELENINA RATATOUILLE A FREGOLA SARDA<br \/>TROUT FILLET, RATATOUILLE VEGETABLES AND FREGOLA SARDA<br \/>*<br \/>CR\u00c8ME BR\u00dbL\u00c9E<br \/>CR\u00c8ME BR\u00dbL\u00c9E<br \/>~ 1190 K\u010d ~<\/p>\n<p>&nbsp;<\/p>\n<h3>\u2022 VE\u010cERN\u00cd MENU I \u2022<br \/>\u2022 EVENING MENU I \u2022<\/h3>\n<p>ZAUZEN\u00dd PSTRUH, CARPACCIO Z KEDLUBNY, TVAROH A KOPR<br \/>MARINATED TROUT, KOHLRABI CARPACCIO, CURD AND DILL<br \/>*<br \/>BRAMBOROV\u00c1 POL\u00c9VKA, \u0160UMAVSK\u00c9 HOUBY, ZELENINA<br \/>POTATO AND PORCINI MUSHROOMS SOUP<br \/>*<br \/>KACHN\u00cd PRSO, \u010cERVEN\u00c9 ZEL\u00cd, CHLEBOV\u00dd KNEDL\u00cdK<br \/>GRILLED DUCK BREAST, RED CABBAGE, DUMPLINGS<br \/>*<br \/>TVAROHOV\u00dd KOL\u00c1\u010c, VI\u0160N\u011a<br \/>CHEESECAKE WITH CHERRIES<br \/>~ 1590 K\u010d ~<\/p>\n<p>&nbsp;<\/p>\n<h3>\u2022 VE\u010cERN\u00cd MENU II \u2022<br \/>\u2022 EVENING MENU II \u2022<\/h3>\n<p>TU\u0147\u00c1KOV\u00dd TARTAR, AVOK\u00c1DO, LESN\u00cd OVOCE, CAVI\u00c1R STURIA<br \/>TUNA TARTAR, AVOCADO, FOREST FRUIT, CAVIAR STURIA<br \/>*<br \/>\u201eCHEF TRIO\u201c Z CELERU A KONFITOVAN\u00dd \u017dLOUTEK<br \/>&#8220;CHEF TRIO&#8221; OF CELERY AND CONFIT EGG YOLK<br \/>*<br \/>VARIACE Z K\u0158EPELKY, M\u00c1SLOV\u00c9 NOKY, KA\u0160TANY, JE\u0158ABINY<br \/>QUAIL VARIATION, GNOCCHI, CHESTNUT, ROWANBERRIES<br \/>*<br \/>MO\u0158SK\u00dd VLK, D\u00ddN\u011a, BROKOLICE, GRATINOVAN\u00c9 BRAMBORY<br \/>SEA BASS, PUMPKIN, BROCCOLI, GRATINATED POTATOES<br \/>*<br \/>MAKOV\u00dd FONDANT, TVAROH, \u0160VESTKY<br \/>POPPY SEED FONDANT, CURD, PLUM<br \/>~ 1990 K\u010d ~<\/p>\n<p>&nbsp;<\/p>\n<h3>\u2022 VE\u010cERN\u00cd MENU III \u2022<br \/>\u2022 EVENING MENU III \u2022<\/h3>\n<p>ZAUZEN\u00dd HOV\u011aZ\u00cd TARTAR, K\u0158EPEL\u010c\u00cd VEJCE, HOUBY<br \/>SMOKED BEEF TARTAR, QUAIL EGG, MUSHROOMS<br \/>*<br \/>HUM\u0158\u00cd BISQUE, MU\u0160LE SVAT\u00c9HO JAKUBA<br \/>LOBSTER BISQUE, COQUILLES SAINT-JACQUES<br \/>*<br \/>FILET Z KAMBALY, GRILOVAN\u00c1 ZELENINA, \u0160PEN\u00c1T A \u0160AFR\u00c1NOV\u00c1 OM\u00c1\u010cKA<br \/>TURBOT FILLET, GRILLED VEGETABLES, SPINACH, SAFFRON SAUCE<br \/>*<br \/>TELEC\u00cd \u201eTOURNEDOS ROSSINI\u201c, BRAMBOROV\u00c9 PYR\u00c9, LAN\u00dd\u017dE A KO\u0147AKOV\u00c1 OM\u00c1\u010cKA<br \/>VEAL &#8216;TOURNEDOS ROSSINI&#8217;, POTATO PUR\u00c9E, TRUFFLES AND COGNAC SAUCE<br \/>*<br \/>LESN\u00cd OVOCE V SABAYJONU<br \/>FOREST FRUIT IN SABAYON<br \/>~ 2490 K\u010d ~<\/p>\n<p>[\/et_pb_text][\/et_pb_column][\/et_pb_row][\/et_pb_section]<\/p>\n","protected":false},"excerpt":{"rendered":"<p>\u2022 OB\u011aDOV\u00c9 MENU I \u2022\u2022 LUNCH MENU I \u2022 DR\u016eBE\u017d\u00cd CONSOMM\u00c9, ZELENINA JULIENNE, FRIT\u00c1TOV\u00c9 NUDLEPOULTRY CONSOMM\u00c9, JULIENNE VEGETABLES AND FRIED NOODLE*DU\u0160EN\u00c1 VEP\u0158OV\u00c1 L\u00cd\u010cKA, SLANINOV\u00dd KNEDL\u00cdK A SEZ\u00d3NN\u00cd HOUBYBRAISED PORK CHEEKS, BACON DUMPLING AND SEASONAL MUSHROOMS*JABLE\u010cN\u00dd Z\u00c1VIN S VI\u0160N\u011aMIAPPLE STRUDEL WITH CHERRIES~ 990 K\u010d ~ \u2022 OB\u011aDOV\u00c9 MENU II \u2022\u2022 LUNCH MENU II \u2022 SMA\u017dEN\u00c1 KROKETA [&hellip;]<\/p>\n","protected":false},"author":1,"featured_media":875,"parent":0,"menu_order":0,"comment_status":"closed","ping_status":"closed","template":"","meta":{"_et_pb_use_builder":"on","_et_pb_old_content":"","_et_gb_content_width":"","footnotes":""},"class_list":["post-873","page","type-page","status-publish","has-post-thumbnail","hentry"],"_links":{"self":[{"href":"https:\/\/umaliru1543.com\/en\/wp-json\/wp\/v2\/pages\/873","targetHints":{"allow":["GET"]}}],"collection":[{"href":"https:\/\/umaliru1543.com\/en\/wp-json\/wp\/v2\/pages"}],"about":[{"href":"https:\/\/umaliru1543.com\/en\/wp-json\/wp\/v2\/types\/page"}],"author":[{"embeddable":true,"href":"https:\/\/umaliru1543.com\/en\/wp-json\/wp\/v2\/users\/1"}],"replies":[{"embeddable":true,"href":"https:\/\/umaliru1543.com\/en\/wp-json\/wp\/v2\/comments?post=873"}],"version-history":[{"count":9,"href":"https:\/\/umaliru1543.com\/en\/wp-json\/wp\/v2\/pages\/873\/revisions"}],"predecessor-version":[{"id":1579,"href":"https:\/\/umaliru1543.com\/en\/wp-json\/wp\/v2\/pages\/873\/revisions\/1579"}],"wp:featuredmedia":[{"embeddable":true,"href":"https:\/\/umaliru1543.com\/en\/wp-json\/wp\/v2\/media\/875"}],"wp:attachment":[{"href":"https:\/\/umaliru1543.com\/en\/wp-json\/wp\/v2\/media?parent=873"}],"curies":[{"name":"wp","href":"https:\/\/api.w.org\/{rel}","templated":true}]}}