{"id":923,"date":"2020-07-30T08:09:55","date_gmt":"2020-07-30T08:09:55","guid":{"rendered":"https:\/\/umaliru1543.com\/a-la-carte-menu\/"},"modified":"2025-11-13T07:05:00","modified_gmt":"2025-11-13T07:05:00","slug":"a-la-carte-menu","status":"publish","type":"page","link":"https:\/\/umaliru1543.com\/en\/a-la-carte-menu\/","title":{"rendered":"Menu"},"content":{"rendered":"<p>[et_pb_section fb_built=&#8221;1&#8243; fullwidth=&#8221;on&#8221; _builder_version=&#8221;4.16&#8243; _module_preset=&#8221;default&#8221; global_colors_info=&#8221;{}&#8221;][et_pb_fullwidth_header title=&#8221;@ET-DC@eyJkeW5hbWljIjp0cnVlLCJjb250ZW50IjoicG9zdF90aXRsZSIsInNldHRpbmdzIjp7ImJlZm9yZSI6IiIsImFmdGVyIjoiIn19@&#8221; module_class=&#8221;text-title full-header&#8221; _builder_version=&#8221;4.16&#8243; _dynamic_attributes=&#8221;background_image,title&#8221; _module_preset=&#8221;default&#8221; title_text_align=&#8221;center&#8221; background_enable_color=&#8221;off&#8221; background_image=&#8221;@ET-DC@eyJkeW5hbWljIjp0cnVlLCJjb250ZW50IjoicG9zdF9mZWF0dXJlZF9pbWFnZSIsInNldHRpbmdzIjp7fX0=@&#8221; global_colors_info=&#8221;{}&#8221;][\/et_pb_fullwidth_header][\/et_pb_section][et_pb_section fb_built=&#8221;1&#8243; module_class=&#8221;backgroundred&#8221; _builder_version=&#8221;4.16&#8243; _module_preset=&#8221;default&#8221; custom_padding=&#8221;0px|||||&#8221; global_colors_info=&#8221;{}&#8221;][et_pb_row module_class=&#8221;jidelak-textovy&#8221; _builder_version=&#8221;4.19.0&#8243; _module_preset=&#8221;5b80f8ab-fbe4-4c62-a7bf-1c3f56555050&#8243; global_colors_info=&#8221;{}&#8221;][et_pb_column type=&#8221;4_4&#8243; _builder_version=&#8221;4.16&#8243; _module_preset=&#8221;default&#8221; global_colors_info=&#8221;{}&#8221;][et_pb_text _builder_version=&#8221;4.27.4&#8243; _module_preset=&#8221;default&#8221; background_color=&#8221;#FFFFFF&#8221; text_orientation=&#8221;center&#8221; custom_padding=&#8221;20px||20px||false|false&#8221; hover_enabled=&#8221;0&#8243; global_colors_info=&#8221;{}&#8221; sticky_enabled=&#8221;0&#8243;]<\/p>\n<h2><strong>STARTERS<\/strong><\/h2>\n<p><\/p>\n<p><strong>BEETROOT CARPACCIO,<\/strong> <br \/>FRESH FIGS, GOAT CHEESE, MACADAMIA NUTS <br \/>390 K\u010c<\/p>\n<p><\/p>\n<p><strong>TUNA TATAKI,<\/strong> <br \/>SHRIMP, AVOCADO, MANGO SALAD, STURIA CAVIAR <br \/>510 K\u010c<\/p>\n<p><\/p>\n<p><strong>FOIE GRAS TERRINE,<\/strong> <br \/>SMOKED DUCK BREAST, GINGERBREAD, ORANGE CONFIT <br \/>540 K\u010c<\/p>\n<p><\/p>\n<p><strong>POTATO SOUP,<\/strong> <br \/>CREAMY POTATO VELOUT\u00c9, SAUT\u00c9ED ROOT VEGETABLES, MORELS <br \/>390 K\u010c<\/p>\n<p><\/p>\n<p><strong>BEEF TARTARE,<\/strong> <br \/>SMOKED EGG YOLK CONFIT, FRIED LA RATTE POTATOES <br \/>480 K\u010c<\/p>\n<p><\/p>\n<p><strong>ROASTED OYSTER MUSHROOM,<\/strong> <br \/>BRILLAT-SAVARIN CHEESE, FLAX SEEDS, PARSLEY OIL <br \/>390 K\u010c<\/p>\n<p><\/p>\n<p><strong>LOBSTER BISQUE,<\/strong> <br \/>BLUE CRAB, FENNEL SALAD, VEGETABLE PUR\u00c9E <br \/>560 K\u010c<\/p>\n<p><\/p>\n<p><strong>BURGUNDY SNAILS,<\/strong> <br \/>SNAILS BAKED IN SHELL, HOMEMADE HERB TOAST <br \/>420 K\u010c<\/p>\n<p><\/p>\n<p><strong>CANADIAN LOBSTER,<\/strong> <br \/>BUTTERED BRIOCHE, SMOKED BUTTER SAUCE <br \/>650 K\u010c<\/p>\n<p><\/p>\n<p>&nbsp;<\/p>\n<p><\/p>\n<h2><strong>MAIN COURSES<\/strong><\/h2>\n<p><\/p>\n<p><strong>RAVIOLI FILLED WITH COMT\u00c9 CHEESE,<\/strong> <br \/>PUMPKIN PUR\u00c9E, HAZELNUTS, APPLE FOAM <br \/>520 K\u010c<\/p>\n<p><\/p>\n<p><strong>FRESH FISH<\/strong> <br \/>ACCORDING TO THE DAILY MENU THE CURRENT OFFER WILL BE PRESENTED TO YOU BY THE RESTAURANT WAITER <br \/>790 K\u010c<\/p>\n<p><\/p>\n<p><strong>SLOW-ROASTED PORK,<\/strong> <br \/>\u201eP\u0158E\u0160TICE\u201c BLACK-PIED PIG, POTATO R\u00d6STI, SMOKED CARROT <br \/>590 K\u010c<\/p>\n<p><\/p>\n<p><strong>QUAIL GALANTINE,<\/strong> <br \/>PISTACHIO STUFFING, GRILLED FOIE GRAS, GINGERBREAD DUMPLINGS, RED CABBAGE <br \/>650 K\u010c<\/p>\n<p><\/p>\n<p><strong>JUMBO PRAWN,<\/strong> <br \/>SAFFRON RISOTTO, PRAWN BISQUE, BLACK TRUFFLES <br \/>690 K\u010c<\/p>\n<p><\/p>\n<p><strong>FLAMB\u00c9ED CHATEAUBRIAND,<\/strong> <br \/>GRENAILLE POTATOES, PORCINI MUSHROOM SAUCE (380G FOR TWO PERSONS) <br \/>1890 K\u010c<\/p>\n<p><\/p>\n<h2><strong>RECOMMENDED WITH MAIN COURSE (FOR TWO PEOPLE)<\/strong><\/h2>\n<p><\/p>\n<p><strong>GREEN LEAVES SALAD<\/strong> <br \/>WITH SUN-DRIED TOMATOES, CITRUS DRESSING <br \/>290 K\u010c<\/p>\n<p><\/p>\n<p><strong>GRILLED SEASONAL VEGETABLES<\/strong> <br \/>360 K\u010c<\/p>\n<p><\/p>\n<h2><strong>DESSERTS<\/strong><\/h2>\n<p><\/p>\n<p><strong>\u201eLE TROU NORMAND\u201c,<\/strong><br \/>APPLE SORBET WITH CALVADOS<br \/><em>260 K\u010c<\/em><\/p>\n<p><\/p>\n<p><strong>SELECTION OF EUROPEAN CHEESE,<\/strong><br \/>HOMEMADE MARMALADE, FRUIT BREAD<br \/><em>390 K\u010c<\/em><\/p>\n<p><\/p>\n<p><strong>CHOCOLATE MILLE-FEUILLE,<\/strong><br \/>CANDIED CHERRIES, YOGURT ICE CREAM<br \/><em>280 K\u010c<\/em><\/p>\n<p><\/p>\n<p><strong>CR\u00caPES SUZETTE,<\/strong><br \/>PANCAKES FLAMBE WITH GRAND MARNIER<br \/><em>480 K\u010c<\/em><\/p>\n<p><\/p>\n<p><strong>ORANGE CR\u00c8ME BR\u00dbL\u00c9E,<\/strong><br \/>RUM ICE CREAM, CRANBERRIES<br \/><em>290 K\u010c<\/em><strong><br \/><\/strong><\/p>\n<p>[\/et_pb_text][et_pb_code _builder_version=&#8221;4.16&#8243; _module_preset=&#8221;default&#8221; global_colors_info=&#8221;{}&#8221;]<script src=\"https:\/\/code.jquery.com\/jquery-3.5.0.js\"><\/script><!-- [et_pb_line_break_holder] --><script><!-- [et_pb_line_break_holder] -->\t$('.tablepress tr:has(td:contains(\"*\"))').addClass('heading');<!-- [et_pb_line_break_holder] -->\t$('.tablepress tr:has(td:contains(\"~\"))').addClass('subheading');<!-- [et_pb_line_break_holder] -->\t$('.tablepress tr:has(td:contains(\"|\"))').addClass('subsubheading');<!-- [et_pb_line_break_holder] -->\t$('.tablepress tr:has(td:contains(\"\u2022\"))').addClass('mediumheading');<!-- [et_pb_line_break_holder] -->\t<!-- [et_pb_line_break_holder] -->\t$('.specialni-nabidky  div.et_pb_post_content p:contains(\"*\")').addClass('heading');<!-- [et_pb_line_break_holder] -->\t$('.specialni-nabidky  div.et_pb_post_content p:contains(\"~\")').addClass('mediumheading');<!-- [et_pb_line_break_holder] -->\t<!-- [et_pb_line_break_holder] -->\t$('.special-offers  div.et_pb_post_content p:contains(\"*\")').addClass('heading');<!-- [et_pb_line_break_holder] -->\t$('.special-offers  div.et_pb_post_content p:contains(\"~\")').addClass('mediumheading');<!-- [et_pb_line_break_holder] --><\/script>[\/et_pb_code][\/et_pb_column][\/et_pb_row][\/et_pb_section]<\/p>\n","protected":false},"excerpt":{"rendered":"<p>STARTERSBEETROOT CARPACCIO, FRESH FIGS, GOAT CHEESE, MACADAMIA NUTS 390 K\u010cTUNA TATAKI, SHRIMP, AVOCADO, MANGO SALAD, STURIA CAVIAR 510 K\u010cFOIE GRAS TERRINE, SMOKED DUCK BREAST, GINGERBREAD, ORANGE CONFIT 540 K\u010cPOTATO SOUP, CREAMY POTATO VELOUT\u00c9, SAUT\u00c9ED ROOT VEGETABLES, MORELS 390 K\u010cBEEF TARTARE, SMOKED EGG YOLK CONFIT, FRIED LA RATTE POTATOES 480 K\u010cROASTED OYSTER MUSHROOM, BRILLAT-SAVARIN CHEESE, FLAX [&hellip;]<\/p>\n","protected":false},"author":1,"featured_media":777,"parent":0,"menu_order":0,"comment_status":"closed","ping_status":"closed","template":"","meta":{"_et_pb_use_builder":"on","_et_pb_old_content":"","_et_gb_content_width":"","footnotes":""},"class_list":["post-923","page","type-page","status-publish","has-post-thumbnail","hentry"],"_links":{"self":[{"href":"https:\/\/umaliru1543.com\/en\/wp-json\/wp\/v2\/pages\/923","targetHints":{"allow":["GET"]}}],"collection":[{"href":"https:\/\/umaliru1543.com\/en\/wp-json\/wp\/v2\/pages"}],"about":[{"href":"https:\/\/umaliru1543.com\/en\/wp-json\/wp\/v2\/types\/page"}],"author":[{"embeddable":true,"href":"https:\/\/umaliru1543.com\/en\/wp-json\/wp\/v2\/users\/1"}],"replies":[{"embeddable":true,"href":"https:\/\/umaliru1543.com\/en\/wp-json\/wp\/v2\/comments?post=923"}],"version-history":[{"count":26,"href":"https:\/\/umaliru1543.com\/en\/wp-json\/wp\/v2\/pages\/923\/revisions"}],"predecessor-version":[{"id":1656,"href":"https:\/\/umaliru1543.com\/en\/wp-json\/wp\/v2\/pages\/923\/revisions\/1656"}],"wp:featuredmedia":[{"embeddable":true,"href":"https:\/\/umaliru1543.com\/en\/wp-json\/wp\/v2\/media\/777"}],"wp:attachment":[{"href":"https:\/\/umaliru1543.com\/en\/wp-json\/wp\/v2\/media?parent=923"}],"curies":[{"name":"wp","href":"https:\/\/api.w.org\/{rel}","templated":true}]}}