{"id":950,"date":"2020-08-21T14:48:07","date_gmt":"2020-08-21T14:48:07","guid":{"rendered":"https:\/\/umaliru1543.com\/chef\/"},"modified":"2020-08-21T14:48:07","modified_gmt":"2020-08-21T14:48:07","slug":"chef","status":"publish","type":"page","link":"https:\/\/umaliru1543.com\/en\/chef\/","title":{"rendered":"Chef"},"content":{"rendered":"<p>[et_pb_section fb_built=&#8221;1&#8243; fullwidth=&#8221;on&#8221; _builder_version=&#8221;4.5.1&#8243; _module_preset=&#8221;default&#8221;][et_pb_fullwidth_header title=&#8221;@ET-DC@eyJkeW5hbWljIjp0cnVlLCJjb250ZW50IjoicG9zdF90aXRsZSIsInNldHRpbmdzIjp7ImJlZm9yZSI6IiIsImFmdGVyIjoiIn19@&#8221; module_class=&#8221;text-title full-header&#8221; _builder_version=&#8221;4.5.1&#8243; _dynamic_attributes=&#8221;background_image,title&#8221; _module_preset=&#8221;default&#8221; title_text_align=&#8221;center&#8221; background_enable_color=&#8221;off&#8221; background_image=&#8221;@ET-DC@eyJkeW5hbWljIjp0cnVlLCJjb250ZW50IjoicG9zdF9mZWF0dXJlZF9pbWFnZSIsInNldHRpbmdzIjp7fX0=@&#8221;][\/et_pb_fullwidth_header][\/et_pb_section][et_pb_section fb_built=&#8221;1&#8243; module_class=&#8221;background90&#8243; _builder_version=&#8221;4.5.1&#8243; _module_preset=&#8221;default&#8221; custom_padding=&#8221;0px|||||&#8221;][et_pb_row column_structure=&#8221;2_5,3_5&#8243; _builder_version=&#8221;4.5.1&#8243; _module_preset=&#8221;5b80f8ab-fbe4-4c62-a7bf-1c3f56555050&#8243;][et_pb_column type=&#8221;2_5&#8243; _builder_version=&#8221;4.5.1&#8243; _module_preset=&#8221;default&#8221;][et_pb_image src=&#8221;https:\/\/umaliru1543.com\/wp-content\/uploads\/2020\/08\/dolezalhv82969r.jpg&#8221; title_text=&#8221;dolezalhv82969r&#8221; force_fullwidth=&#8221;on&#8221; _builder_version=&#8221;4.5.6&#8243; _module_preset=&#8221;default&#8221; animation_style=&#8221;slide&#8221;][\/et_pb_image][\/et_pb_column][et_pb_column type=&#8221;3_5&#8243; _builder_version=&#8221;4.5.1&#8243; _module_preset=&#8221;default&#8221; transform_scale_tablet=&#8221;&#8221; transform_scale_phone=&#8221;&#8221; transform_scale_last_edited=&#8221;on|desktop&#8221; transform_translate=&#8221;-10%|0px&#8221; transform_translate_tablet=&#8221;0%|0px&#8221; transform_translate_phone=&#8221;&#8221; transform_translate_last_edited=&#8221;on|desktop&#8221; transform_translate_linked=&#8221;off&#8221; transform_rotate_tablet=&#8221;&#8221; transform_rotate_phone=&#8221;&#8221; transform_rotate_last_edited=&#8221;on|desktop&#8221; transform_skew_tablet=&#8221;&#8221; transform_skew_phone=&#8221;&#8221; transform_skew_last_edited=&#8221;on|desktop&#8221; transform_origin_tablet=&#8221;&#8221; transform_origin_phone=&#8221;&#8221; transform_origin_last_edited=&#8221;on|desktop&#8221; transform_styles_last_edited=&#8221;on|desktop&#8221; transform_styles_tablet=&#8221;&#8221; transform_styles_phone=&#8221;&#8221;][et_pb_text module_class=&#8221;a&#8221; _builder_version=&#8221;4.5.6&#8243; _module_preset=&#8221;2190abeb-98bc-440c-af43-73532a2acb15&#8243; header_4_text_align=&#8221;center&#8221; header_4_font_size=&#8221;21px&#8221;]<\/p>\n<h1 class=\"text-title\">Our chef Miroslav Dole\u017eal has been working in our restaurant for more than 6 years and cooking is his favorite hobby.<\/h1>\n<p>Miroslav comes from Zl\u00edn, where he also studied and started to collect the first cooking skills.<br \/>\nHis experience at the Castle Restaurant in Zl\u00edn led him to the decision to pursue professional cooking and from there he was only a small step to work in the renowned hotel and restaurant Augusti\u00e1nsk\u00fd d\u016fm.<\/p>\n<p>Then Miroslav had the opportunity to travel and discover other world cuisines. He likes to remember his trip to Singapore, where he also had the opportunity to cook for the embassy and ambassador. His favorite cuisine, however, still includes Czech, which he likes to combine with French cuisine and that\u2019s also reflected in the concept and menu of our restaurant.<\/p>\n<h4>Words of our chef Miroslav Dole\u017eal:<\/h4>\n<blockquote><p>&#8220;I simply love french cuisine with all its sophistication.\u00a0I try to implement those procedures<br \/>\ninto a modern czech cuisine as well. My greatest inspiration is fresh and top quality ingredient, which I care with respect to perfection. The balanced meal with its natural taste and eye-catching artwork on a plate is essential for me.<br \/>\nI am glad that more and more guest enjoing culinary art as a cultural experience.&#8221;<\/p><\/blockquote>\n<p>Thanks to him, our restaurant has been awarded the highest possible rating of 3 gold lions (by Top Life Czech)\u00a0for several times.[\/et_pb_text][\/et_pb_column][\/et_pb_row][\/et_pb_section]<\/p>\n","protected":false},"excerpt":{"rendered":"<p>Our chef Miroslav Dole\u017eal has been working in our restaurant for more than 6 years and cooking is his favorite hobby. Miroslav comes from Zl\u00edn, where he also studied and started to collect the first cooking skills. His experience at the Castle Restaurant in Zl\u00edn led him to the decision to pursue professional cooking and [&hellip;]<\/p>\n","protected":false},"author":1,"featured_media":787,"parent":0,"menu_order":0,"comment_status":"closed","ping_status":"closed","template":"","meta":{"_et_pb_use_builder":"on","_et_pb_old_content":"","_et_gb_content_width":"","footnotes":""},"class_list":["post-950","page","type-page","status-publish","has-post-thumbnail","hentry"],"_links":{"self":[{"href":"https:\/\/umaliru1543.com\/en\/wp-json\/wp\/v2\/pages\/950","targetHints":{"allow":["GET"]}}],"collection":[{"href":"https:\/\/umaliru1543.com\/en\/wp-json\/wp\/v2\/pages"}],"about":[{"href":"https:\/\/umaliru1543.com\/en\/wp-json\/wp\/v2\/types\/page"}],"author":[{"embeddable":true,"href":"https:\/\/umaliru1543.com\/en\/wp-json\/wp\/v2\/users\/1"}],"replies":[{"embeddable":true,"href":"https:\/\/umaliru1543.com\/en\/wp-json\/wp\/v2\/comments?post=950"}],"version-history":[{"count":2,"href":"https:\/\/umaliru1543.com\/en\/wp-json\/wp\/v2\/pages\/950\/revisions"}],"predecessor-version":[{"id":952,"href":"https:\/\/umaliru1543.com\/en\/wp-json\/wp\/v2\/pages\/950\/revisions\/952"}],"wp:featuredmedia":[{"embeddable":true,"href":"https:\/\/umaliru1543.com\/en\/wp-json\/wp\/v2\/media\/787"}],"wp:attachment":[{"href":"https:\/\/umaliru1543.com\/en\/wp-json\/wp\/v2\/media?parent=950"}],"curies":[{"name":"wp","href":"https:\/\/api.w.org\/{rel}","templated":true}]}}